{"id":49,"date":"2025-10-24T02:49:55","date_gmt":"2025-10-24T02:49:55","guid":{"rendered":"http:\/\/dulich2.viralxmedia.vn\/?page_id=49"},"modified":"2025-10-27T01:29:44","modified_gmt":"2025-10-27T01:29:44","slug":"lien-he","status":"publish","type":"page","link":"https:\/\/dulich2.viralxmedia.vn\/index.php\/lien-he\/","title":{"rendered":"LI\u00caN H\u1ec6"},"content":{"rendered":"\t<section class=\"section\" id=\"section_1325147421\">\n\t\t<div class=\"bg section-bg fill bg-fill  \" >\n\n\t\t\t\n\t\t\t\n\t\t\t\n\n\t\t<\/div>\n\n\t\t\n\n\t\t<div class=\"section-content relative\">\n\t\t\t\n\t<div id=\"text-2018587255\" class=\"text\">\n\t\t\n<p style=\"text-align: center;\"><strong>LI\u00caN H\u1ec6<\/strong><\/p>\n\t\t\n<style>\n#text-2018587255 {\n  font-size: 2.15rem;\n  color: rgb(255,255,255);\n}\n#text-2018587255 > * {\n  color: rgb(255,255,255);\n}\n<\/style>\n\t<\/div>\n\t\n\t\t<\/div>\n\n\t\t\n<style>\n#section_1325147421 {\n  padding-top: 30px;\n  padding-bottom: 30px;\n}\n#section_1325147421 .section-bg.bg-loaded {\n  background-image: url(https:\/\/dulich2.viralxmedia.vn\/wp-content\/uploads\/2025\/10\/bghd-12.jpg);\n}\n<\/style>\n\t<\/section>\n\t\n\t<section class=\"section\" id=\"section_972243024\">\n\t\t<div class=\"bg section-bg fill bg-fill  bg-loaded\" >\n\n\t\t\t\n\t\t\t\n\t\t\t\n\n\t\t<\/div>\n\n\t\t\n\n\t\t<div class=\"section-content relative\">\n\t\t\t\n<div class=\"row\"  id=\"row-596628929\">\n\n\t<div id=\"col-363930928\" class=\"col medium-6 small-12 large-6\"  >\n\t\t\t\t<div class=\"col-inner\"  >\n\t\t\t\n\t\t\t\n\t<div id=\"text-3530557822\" class=\"text\">\n\t\t\n<h3>C\u00d4NG TY TNHH TH\u01af\u01a0NG M\u1ea0I DU L\u1ecaCH V\u00c0 D\u1ecaCH V\u1ee4 T\u1ed4NG H\u1ee2P\u00a0<\/h3>\n<p>\u0110\/c: S\u1ed1 27, ph\u1ed1 12, Ph\u01b0\u1eddng \u0110\u00f4ng Th\u00e0nh, Th\u00e0nh ph\u1ed1 Ninh B\u00ecnh, T\u1ec9nh Ninh B\u00ecnh<\/p>\n<p>Hotline: 0898 661 xxx<\/p>\n<p>Email: info@gmail.vn<\/p>\n<p>Website: www.website.vn<\/p>\n\t\t\n<style>\n#text-3530557822 {\n  color: rgb(0,0,0);\n}\n#text-3530557822 > * {\n  color: rgb(0,0,0);\n}\n<\/style>\n\t<\/div>\n\t\n\t\t<\/div>\n\t\t\t\t\t<\/div>\n\n\t\n\n\t<div id=\"col-899825229\" class=\"col medium-6 small-12 large-6\"  >\n\t\t\t\t<div class=\"col-inner\"  >\n\t\t\t\n\t\t\t\n\n<div class=\"contact-form\">\n  <label>T\u00ean c\u1ee7a b\u1ea1n<\/label><br \/>\n  <input type=\"text\" placeholder=\"\"><\/p>\n<p>  <label>\u0110\u1ecba ch\u1ec9 Email<\/label><br \/>\n  <input type=\"email\" placeholder=\"\"><\/p>\n<p>  <label>S\u1ed1 \u0111i\u1ec7n tho\u1ea1i:<\/label><br \/>\n  <input type=\"tel\" placeholder=\"\"><\/p>\n<p>  <label>Th\u00f4ng \u0111i\u1ec7p<\/label><br \/>\n  <textarea><\/textarea><\/p>\n<p>  <button>G\u1eedi \u0111i<\/button>\n<\/div>\n\n\t\t<\/div>\n\t\t\t\t\t<\/div>\n\n\t\n<\/div>\n\t\t<\/div>\n\n\t\t\n<style>\n#section_972243024 {\n  padding-top: 30px;\n  padding-bottom: 30px;\n}\n<\/style>\n\t<\/section>\n\t\n","protected":false},"excerpt":{"rendered":"","protected":false},"author":1,"featured_media":0,"parent":0,"menu_order":0,"comment_status":"closed","ping_status":"closed","template":"page-blank.php","meta":{"footnotes":""},"class_list":["post-49","page","type-page","status-publish","hentry"],"_links":{"self":[{"href":"https:\/\/dulich2.viralxmedia.vn\/index.php\/wp-json\/wp\/v2\/pages\/49","targetHints":{"allow":["GET"]}}],"collection":[{"href":"https:\/\/dulich2.viralxmedia.vn\/index.php\/wp-json\/wp\/v2\/pages"}],"about":[{"href":"https:\/\/dulich2.viralxmedia.vn\/index.php\/wp-json\/wp\/v2\/types\/page"}],"author":[{"embeddable":true,"href":"https:\/\/dulich2.viralxmedia.vn\/index.php\/wp-json\/wp\/v2\/users\/1"}],"replies":[{"embeddable":true,"href":"https:\/\/dulich2.viralxmedia.vn\/index.php\/wp-json\/wp\/v2\/comments?post=49"}],"version-history":[{"count":4,"href":"https:\/\/dulich2.viralxmedia.vn\/index.php\/wp-json\/wp\/v2\/pages\/49\/revisions"}],"predecessor-version":[{"id":254,"href":"https:\/\/dulich2.viralxmedia.vn\/index.php\/wp-json\/wp\/v2\/pages\/49\/revisions\/254"}],"wp:attachment":[{"href":"https:\/\/dulich2.viralxmedia.vn\/index.php\/wp-json\/wp\/v2\/media?parent=49"}],"curies":[{"name":"wp","href":"https:\/\/api.w.org\/{rel}","templated":true}]}}