{"id":47,"date":"2025-10-24T02:49:41","date_gmt":"2025-10-24T02:49:41","guid":{"rendered":"http:\/\/dulich2.viralxmedia.vn\/?page_id=47"},"modified":"2025-10-24T09:45:59","modified_gmt":"2025-10-24T09:45:59","slug":"blog","status":"publish","type":"page","link":"https:\/\/dulich2.viralxmedia.vn\/index.php\/blog\/","title":{"rendered":"BLOG"},"content":{"rendered":"\t<section class=\"section\" id=\"section_680823400\">\n\t\t<div class=\"bg section-bg fill bg-fill  \" >\n\n\t\t\t\n\t\t\t\n\t\t\t\n\n\t\t<\/div>\n\n\t\t\n\n\t\t<div class=\"section-content relative\">\n\t\t\t\n\t<div id=\"text-1526800456\" class=\"text\">\n\t\t\n<p style=\"text-align: center;\"><strong>BLOG<\/strong><\/p>\n\t\t\n<style>\n#text-1526800456 {\n  font-size: 2.3rem;\n  color: rgb(255,255,255);\n}\n#text-1526800456 > * {\n  color: rgb(255,255,255);\n}\n<\/style>\n\t<\/div>\n\t\n\t\t<\/div>\n\n\t\t\n<style>\n#section_680823400 {\n  padding-top: 30px;\n  padding-bottom: 30px;\n}\n#section_680823400 .section-bg.bg-loaded {\n  background-image: url(https:\/\/dulich2.viralxmedia.vn\/wp-content\/uploads\/2025\/10\/bghd-11.jpg);\n}\n<\/style>\n\t<\/section>\n\t\n\t<section class=\"section\" id=\"section_29876482\">\n\t\t<div class=\"bg section-bg fill bg-fill  bg-loaded\" >\n\n\t\t\t\n\t\t\t\n\t\t\t\n\n\t\t<\/div>\n\n\t\t\n\n\t\t<div class=\"section-content relative\">\n\t\t\t\n\n  \n    <div class=\"row large-columns-3 medium-columns-1 small-columns-1\" >\n  <div class=\"col post-item\" >\n\t\t\t<div class=\"col-inner\">\n\t\t\t\t<div class=\"box box-normal box-text-bottom box-blog-post has-hover\">\n            \t\t\t\t\t<div class=\"box-image\" >\n  \t\t\t\t\t\t<div class=\"image-cover\" style=\"padding-top:56.25%;\">\n\t\t\t\t\t\t\t<a href=\"https:\/\/dulich2.viralxmedia.vn\/index.php\/2025\/10\/24\/thong-tin-huu-ich-khi-du-lich-tai-phu-quoc-3\/\" class=\"plain\" aria-label=\"Th\u00f4ng tin h\u1eefu \u00edch khi d\u1ee5 l\u1ecbch t\u1ea1i Ph\u00fa Qu\u1ed1c\">\n\t\t\t\t\t\t\t\t<img loading=\"lazy\" decoding=\"async\" width=\"280\" height=\"278\" src=\"https:\/\/dulich2.viralxmedia.vn\/wp-content\/uploads\/2025\/10\/h2-6.png\" class=\"attachment-medium size-medium wp-post-image\" alt=\"\" srcset=\"https:\/\/dulich2.viralxmedia.vn\/wp-content\/uploads\/2025\/10\/h2-6.png 280w, https:\/\/dulich2.viralxmedia.vn\/wp-content\/uploads\/2025\/10\/h2-6-150x150.png 150w, https:\/\/dulich2.viralxmedia.vn\/wp-content\/uploads\/2025\/10\/h2-6-100x100.png 100w\" sizes=\"auto, (max-width: 280px) 100vw, 280px\" \/>\t\t\t\t\t\t\t<\/a>\n  \t\t\t\t\t\t\t  \t\t\t\t\t\t\t  \t\t\t\t\t\t<\/div>\n  \t\t\t\t\t\t  \t\t\t\t\t<\/div>\n          \t\t\t\t\t<div class=\"box-text text-center\" >\n\t\t\t\t\t<div class=\"box-text-inner blog-post-inner\">\n\n\t\t\t\t\t\n\t\t\t\t\t\t\t\t\t\t<h5 class=\"post-title is-large \">\n\t\t\t\t\t\t<a href=\"https:\/\/dulich2.viralxmedia.vn\/index.php\/2025\/10\/24\/thong-tin-huu-ich-khi-du-lich-tai-phu-quoc-3\/\" class=\"plain\">Th\u00f4ng tin h\u1eefu \u00edch khi d\u1ee5 l\u1ecbch t\u1ea1i Ph\u00fa Qu\u1ed1c<\/a>\n\t\t\t\t\t<\/h5>\n\t\t\t\t\t\t\t\t\t\t<div class=\"is-divider\"><\/div>\n\t\t\t\t\t\t\t\t\t\t<p class=\"from_the_blog_excerpt \">Ch\u00fang ta v\u1eabn bi\u1ebft r\u1eb1ng, l\u00e0m vi\u1ec7c v\u1edbi m\u1ed9t \u0111o\u1ea1n v\u0103n b\u1ea3n d\u1ec5 \u0111\u1ecdc v\u00e0 [...]\t\t\t\t\t<\/p>\n\t\t\t\t\t                    \n\t\t\t\t\t\n\t\t\t\t\t\n\t\t\t\t\t<\/div>\n\t\t\t\t\t<\/div>\n\t\t\t\t\t\t\t\t\t<\/div>\n\t\t\t<\/div>\n\t\t<\/div><div class=\"col post-item\" >\n\t\t\t<div class=\"col-inner\">\n\t\t\t\t<div class=\"box box-normal box-text-bottom box-blog-post has-hover\">\n            \t\t\t\t\t<div class=\"box-image\" >\n  \t\t\t\t\t\t<div class=\"image-cover\" style=\"padding-top:56.25%;\">\n\t\t\t\t\t\t\t<a href=\"https:\/\/dulich2.viralxmedia.vn\/index.php\/2025\/10\/24\/thong-tin-huu-ich-khi-du-lich-tai-phu-quoc-2\/\" class=\"plain\" aria-label=\"Th\u00f4ng tin h\u1eefu \u00edch khi d\u1ee5 l\u1ecbch t\u1ea1i Ph\u00fa Qu\u1ed1c\">\n\t\t\t\t\t\t\t\t<img loading=\"lazy\" decoding=\"async\" width=\"300\" height=\"300\" src=\"https:\/\/dulich2.viralxmedia.vn\/wp-content\/uploads\/2025\/10\/danag-2-300x300.png\" class=\"attachment-medium size-medium wp-post-image\" alt=\"\" srcset=\"https:\/\/dulich2.viralxmedia.vn\/wp-content\/uploads\/2025\/10\/danag-2-300x300.png 300w, https:\/\/dulich2.viralxmedia.vn\/wp-content\/uploads\/2025\/10\/danag-2-150x150.png 150w, https:\/\/dulich2.viralxmedia.vn\/wp-content\/uploads\/2025\/10\/danag-2-100x100.png 100w, https:\/\/dulich2.viralxmedia.vn\/wp-content\/uploads\/2025\/10\/danag-2.png 370w\" sizes=\"auto, (max-width: 300px) 100vw, 300px\" \/>\t\t\t\t\t\t\t<\/a>\n  \t\t\t\t\t\t\t  \t\t\t\t\t\t\t  \t\t\t\t\t\t<\/div>\n  \t\t\t\t\t\t  \t\t\t\t\t<\/div>\n          \t\t\t\t\t<div class=\"box-text text-center\" >\n\t\t\t\t\t<div class=\"box-text-inner blog-post-inner\">\n\n\t\t\t\t\t\n\t\t\t\t\t\t\t\t\t\t<h5 class=\"post-title is-large \">\n\t\t\t\t\t\t<a href=\"https:\/\/dulich2.viralxmedia.vn\/index.php\/2025\/10\/24\/thong-tin-huu-ich-khi-du-lich-tai-phu-quoc-2\/\" class=\"plain\">Th\u00f4ng tin h\u1eefu \u00edch khi d\u1ee5 l\u1ecbch t\u1ea1i Ph\u00fa Qu\u1ed1c<\/a>\n\t\t\t\t\t<\/h5>\n\t\t\t\t\t\t\t\t\t\t<div class=\"is-divider\"><\/div>\n\t\t\t\t\t\t\t\t\t\t<p class=\"from_the_blog_excerpt \">Ch\u00fang ta v\u1eabn bi\u1ebft r\u1eb1ng, l\u00e0m vi\u1ec7c v\u1edbi m\u1ed9t \u0111o\u1ea1n v\u0103n b\u1ea3n d\u1ec5 \u0111\u1ecdc v\u00e0 [...]\t\t\t\t\t<\/p>\n\t\t\t\t\t                    \n\t\t\t\t\t\n\t\t\t\t\t\n\t\t\t\t\t<\/div>\n\t\t\t\t\t<\/div>\n\t\t\t\t\t\t\t\t\t<\/div>\n\t\t\t<\/div>\n\t\t<\/div><div class=\"col post-item\" >\n\t\t\t<div class=\"col-inner\">\n\t\t\t\t<div class=\"box box-normal box-text-bottom box-blog-post has-hover\">\n            \t\t\t\t\t<div class=\"box-image\" >\n  \t\t\t\t\t\t<div class=\"image-cover\" style=\"padding-top:56.25%;\">\n\t\t\t\t\t\t\t<a href=\"https:\/\/dulich2.viralxmedia.vn\/index.php\/2025\/10\/24\/thong-tin-huu-ich-khi-du-lich-tai-phu-quoc\/\" class=\"plain\" aria-label=\"Th\u00f4ng tin h\u1eefu \u00edch khi d\u1ee5 l\u1ecbch t\u1ea1i Ph\u00fa Qu\u1ed1c\">\n\t\t\t\t\t\t\t\t<img loading=\"lazy\" decoding=\"async\" width=\"300\" height=\"300\" src=\"https:\/\/dulich2.viralxmedia.vn\/wp-content\/uploads\/2025\/10\/coto-2-300x300.png\" class=\"attachment-medium size-medium wp-post-image\" alt=\"\" srcset=\"https:\/\/dulich2.viralxmedia.vn\/wp-content\/uploads\/2025\/10\/coto-2-300x300.png 300w, https:\/\/dulich2.viralxmedia.vn\/wp-content\/uploads\/2025\/10\/coto-2-150x150.png 150w, https:\/\/dulich2.viralxmedia.vn\/wp-content\/uploads\/2025\/10\/coto-2-100x100.png 100w, https:\/\/dulich2.viralxmedia.vn\/wp-content\/uploads\/2025\/10\/coto-2.png 370w\" sizes=\"auto, (max-width: 300px) 100vw, 300px\" \/>\t\t\t\t\t\t\t<\/a>\n  \t\t\t\t\t\t\t  \t\t\t\t\t\t\t  \t\t\t\t\t\t<\/div>\n  \t\t\t\t\t\t  \t\t\t\t\t<\/div>\n          \t\t\t\t\t<div class=\"box-text text-center\" >\n\t\t\t\t\t<div class=\"box-text-inner blog-post-inner\">\n\n\t\t\t\t\t\n\t\t\t\t\t\t\t\t\t\t<h5 class=\"post-title is-large \">\n\t\t\t\t\t\t<a href=\"https:\/\/dulich2.viralxmedia.vn\/index.php\/2025\/10\/24\/thong-tin-huu-ich-khi-du-lich-tai-phu-quoc\/\" class=\"plain\">Th\u00f4ng tin h\u1eefu \u00edch khi d\u1ee5 l\u1ecbch t\u1ea1i Ph\u00fa Qu\u1ed1c<\/a>\n\t\t\t\t\t<\/h5>\n\t\t\t\t\t\t\t\t\t\t<div class=\"is-divider\"><\/div>\n\t\t\t\t\t\t\t\t\t\t<p class=\"from_the_blog_excerpt \">Th\u00f4ng tin h\u1eefu \u00edch khi d\u1ee5 l\u1ecbch t\u1ea1i Ph\u00fa Qu\u1ed1c \u0110\u0103ng v\u00e0o\u00a001\/05\/2021\u00a0b\u1edfi\u00a0Nguyen Anh Ch\u00fang ta [...]\t\t\t\t\t<\/p>\n\t\t\t\t\t                    \n\t\t\t\t\t\n\t\t\t\t\t\n\t\t\t\t\t<\/div>\n\t\t\t\t\t<\/div>\n\t\t\t\t\t\t\t\t\t<\/div>\n\t\t\t<\/div>\n\t\t<\/div><\/div>\n\t\t<\/div>\n\n\t\t\n<style>\n#section_29876482 {\n  padding-top: 30px;\n  padding-bottom: 30px;\n}\n<\/style>\n\t<\/section>\n\t\n","protected":false},"excerpt":{"rendered":"","protected":false},"author":1,"featured_media":0,"parent":0,"menu_order":0,"comment_status":"closed","ping_status":"closed","template":"page-blank.php","meta":{"footnotes":""},"class_list":["post-47","page","type-page","status-publish","hentry"],"_links":{"self":[{"href":"https:\/\/dulich2.viralxmedia.vn\/index.php\/wp-json\/wp\/v2\/pages\/47","targetHints":{"allow":["GET"]}}],"collection":[{"href":"https:\/\/dulich2.viralxmedia.vn\/index.php\/wp-json\/wp\/v2\/pages"}],"about":[{"href":"https:\/\/dulich2.viralxmedia.vn\/index.php\/wp-json\/wp\/v2\/types\/page"}],"author":[{"embeddable":true,"href":"https:\/\/dulich2.viralxmedia.vn\/index.php\/wp-json\/wp\/v2\/users\/1"}],"replies":[{"embeddable":true,"href":"https:\/\/dulich2.viralxmedia.vn\/index.php\/wp-json\/wp\/v2\/comments?post=47"}],"version-history":[{"count":3,"href":"https:\/\/dulich2.viralxmedia.vn\/index.php\/wp-json\/wp\/v2\/pages\/47\/revisions"}],"predecessor-version":[{"id":205,"href":"https:\/\/dulich2.viralxmedia.vn\/index.php\/wp-json\/wp\/v2\/pages\/47\/revisions\/205"}],"wp:attachment":[{"href":"https:\/\/dulich2.viralxmedia.vn\/index.php\/wp-json\/wp\/v2\/media?parent=47"}],"curies":[{"name":"wp","href":"https:\/\/api.w.org\/{rel}","templated":true}]}}