{"id":45,"date":"2025-10-24T02:49:20","date_gmt":"2025-10-24T02:49:20","guid":{"rendered":"http:\/\/dulich2.viralxmedia.vn\/?page_id=45"},"modified":"2025-10-24T09:27:39","modified_gmt":"2025-10-24T09:27:39","slug":"mien-nam","status":"publish","type":"page","link":"https:\/\/dulich2.viralxmedia.vn\/index.php\/mien-nam\/","title":{"rendered":"Mi\u1ec1n nam"},"content":{"rendered":"\t<section class=\"section\" id=\"section_197395122\">\n\t\t<div class=\"bg section-bg fill bg-fill  \" >\n\n\t\t\t\n\t\t\t\n\t\t\t\n\n\t\t<\/div>\n\n\t\t\n\n\t\t<div class=\"section-content relative\">\n\t\t\t\n\t<div id=\"text-3129599889\" class=\"text\">\n\t\t\n<p style=\"text-align: center;\"><strong>MI\u1ec0N NAM<\/strong><\/p>\n\t\t\n<style>\n#text-3129599889 {\n  font-size: 2.35rem;\n  color: rgb(255,255,255);\n}\n#text-3129599889 > * {\n  color: rgb(255,255,255);\n}\n<\/style>\n\t<\/div>\n\t\n\t\t<\/div>\n\n\t\t\n<style>\n#section_197395122 {\n  padding-top: 30px;\n  padding-bottom: 30px;\n}\n#section_197395122 .section-bg.bg-loaded {\n  background-image: url(https:\/\/dulich2.viralxmedia.vn\/wp-content\/uploads\/2025\/10\/bghd-10.jpg);\n}\n<\/style>\n\t<\/section>\n\t\n\t<section class=\"section\" id=\"section_1147706230\">\n\t\t<div class=\"bg section-bg fill bg-fill  bg-loaded\" >\n\n\t\t\t\n\t\t\t\n\t\t\t\n\n\t\t<\/div>\n\n\t\t\n\n\t\t<div class=\"section-content relative\">\n\t\t\t\n<div class=\"row\"  id=\"row-1866501521\">\n\n\t<div id=\"col-2057230275\" class=\"col medium-4 small-12 large-4\"  >\n\t\t\t\t<div class=\"col-inner\"  >\n\t\t\t\n\t\t\t\n\t<div class=\"box has-hover   has-hover box-shade dark box-text-bottom\" >\n\n\t\t<div class=\"box-image\" >\n\t\t\t\t\t\t<div class=\"image-zoom\" >\n\t\t\t\t<img loading=\"lazy\" decoding=\"async\" width=\"280\" height=\"278\" src=\"https:\/\/dulich2.viralxmedia.vn\/wp-content\/uploads\/2025\/10\/h3-3.png\" class=\"attachment- size-\" alt=\"\" srcset=\"https:\/\/dulich2.viralxmedia.vn\/wp-content\/uploads\/2025\/10\/h3-3.png 280w, https:\/\/dulich2.viralxmedia.vn\/wp-content\/uploads\/2025\/10\/h3-3-150x150.png 150w, https:\/\/dulich2.viralxmedia.vn\/wp-content\/uploads\/2025\/10\/h3-3-100x100.png 100w\" sizes=\"auto, (max-width: 280px) 100vw, 280px\" \/>\t\t\t\t\t\t\t\t<div class=\"shade\"><\/div>\t\t\t<\/div>\n\t\t\t\t\t<\/div>\n\n\t\t<div class=\"box-text text-center\" >\n\t\t\t<div class=\"box-text-inner\">\n\t\t\t\t\n\t<div id=\"text-1224340549\" class=\"text\">\n\t\t\n<div class=\"tour-card\">\n<h3>M\u1ed9c Ch\u00e2u 2 ng\u00e0y 1 \u0111\u00eam<\/h3>\n<p>\ud83d\udccd H\u00e0nh tr\u00ecnh: <span>Cao Nguy\u00ean M\u1ed9c Ch\u00e2u<\/span><\/p>\n<p>\u23f0 Th\u1eddi gian: <span>2 NG\u00c0Y 1 \u0110\u00caM<\/span><\/p>\n<p>\ud83d\udcc5 Ng\u00e0y kh\u1edfi h\u00e0nh: <span>Th\u1ee9 7 h\u00e0ng tu\u1ea7n<\/span><\/p>\n<div class=\"tour-footer\">\n    <span class=\"price\">950.000\u0111<\/span><br \/>\n    <a href=\"#\" class=\"btn-detail\">Xem chi ti\u1ebft<\/a>\n  <\/div>\n<\/div>\n\t\t\n<style>\n#text-1224340549 {\n  text-align: left;\n}\n<\/style>\n\t<\/div>\n\t\n\t\t\t<\/div>\n\t\t<\/div>\n\t<\/div>\n\t\n\t\t<\/div>\n\t\t\t\t\t<\/div>\n\n\t\n\n\t<div id=\"col-642049514\" class=\"col medium-4 small-12 large-4\"  >\n\t\t\t\t<div class=\"col-inner\"  >\n\t\t\t\n\t\t\t\n\t<div class=\"box has-hover   has-hover box-shade dark box-text-bottom\" >\n\n\t\t<div class=\"box-image\" >\n\t\t\t\t\t\t<div class=\"image-zoom\" >\n\t\t\t\t<img loading=\"lazy\" decoding=\"async\" width=\"280\" height=\"278\" src=\"https:\/\/dulich2.viralxmedia.vn\/wp-content\/uploads\/2025\/10\/h3-3.png\" class=\"attachment- size-\" alt=\"\" srcset=\"https:\/\/dulich2.viralxmedia.vn\/wp-content\/uploads\/2025\/10\/h3-3.png 280w, https:\/\/dulich2.viralxmedia.vn\/wp-content\/uploads\/2025\/10\/h3-3-150x150.png 150w, https:\/\/dulich2.viralxmedia.vn\/wp-content\/uploads\/2025\/10\/h3-3-100x100.png 100w\" sizes=\"auto, (max-width: 280px) 100vw, 280px\" \/>\t\t\t\t\t\t\t\t<div class=\"shade\"><\/div>\t\t\t<\/div>\n\t\t\t\t\t<\/div>\n\n\t\t<div class=\"box-text text-center\" >\n\t\t\t<div class=\"box-text-inner\">\n\t\t\t\t\n\t<div id=\"text-4190486496\" class=\"text\">\n\t\t\n<div class=\"tour-card\">\n<h3>M\u1ed9c Ch\u00e2u 2 ng\u00e0y 1 \u0111\u00eam<\/h3>\n<p>\ud83d\udccd H\u00e0nh tr\u00ecnh: <span>Cao Nguy\u00ean M\u1ed9c Ch\u00e2u<\/span><\/p>\n<p>\u23f0 Th\u1eddi gian: <span>2 NG\u00c0Y 1 \u0110\u00caM<\/span><\/p>\n<p>\ud83d\udcc5 Ng\u00e0y kh\u1edfi h\u00e0nh: <span>Th\u1ee9 7 h\u00e0ng tu\u1ea7n<\/span><\/p>\n<div class=\"tour-footer\">\n    <span class=\"price\">950.000\u0111<\/span><br \/>\n    <a href=\"#\" class=\"btn-detail\">Xem chi ti\u1ebft<\/a>\n  <\/div>\n<\/div>\n\t\t\n<style>\n#text-4190486496 {\n  text-align: left;\n}\n<\/style>\n\t<\/div>\n\t\n\t\t\t<\/div>\n\t\t<\/div>\n\t<\/div>\n\t\n\t\t<\/div>\n\t\t\t\t\t<\/div>\n\n\t\n\n\t<div id=\"col-680050991\" class=\"col medium-4 small-12 large-4\"  >\n\t\t\t\t<div class=\"col-inner\"  >\n\t\t\t\n\t\t\t\n\t<div class=\"box has-hover   has-hover box-shade dark box-text-bottom\" >\n\n\t\t<div class=\"box-image\" >\n\t\t\t\t\t\t<div class=\"image-zoom\" >\n\t\t\t\t<img loading=\"lazy\" decoding=\"async\" width=\"280\" height=\"278\" src=\"https:\/\/dulich2.viralxmedia.vn\/wp-content\/uploads\/2025\/10\/h3-3.png\" class=\"attachment- size-\" alt=\"\" srcset=\"https:\/\/dulich2.viralxmedia.vn\/wp-content\/uploads\/2025\/10\/h3-3.png 280w, https:\/\/dulich2.viralxmedia.vn\/wp-content\/uploads\/2025\/10\/h3-3-150x150.png 150w, https:\/\/dulich2.viralxmedia.vn\/wp-content\/uploads\/2025\/10\/h3-3-100x100.png 100w\" sizes=\"auto, (max-width: 280px) 100vw, 280px\" \/>\t\t\t\t\t\t\t\t<div class=\"shade\"><\/div>\t\t\t<\/div>\n\t\t\t\t\t<\/div>\n\n\t\t<div class=\"box-text text-center\" >\n\t\t\t<div class=\"box-text-inner\">\n\t\t\t\t\n\t<div id=\"text-1476887690\" class=\"text\">\n\t\t\n<div class=\"tour-card\">\n<h3>M\u1ed9c Ch\u00e2u 2 ng\u00e0y 1 \u0111\u00eam<\/h3>\n<p>\ud83d\udccd H\u00e0nh tr\u00ecnh: <span>Cao Nguy\u00ean M\u1ed9c Ch\u00e2u<\/span><\/p>\n<p>\u23f0 Th\u1eddi gian: <span>2 NG\u00c0Y 1 \u0110\u00caM<\/span><\/p>\n<p>\ud83d\udcc5 Ng\u00e0y kh\u1edfi h\u00e0nh: <span>Th\u1ee9 7 h\u00e0ng tu\u1ea7n<\/span><\/p>\n<div class=\"tour-footer\">\n    <span class=\"price\">950.000\u0111<\/span><br \/>\n    <a href=\"#\" class=\"btn-detail\">Xem chi ti\u1ebft<\/a>\n  <\/div>\n<\/div>\n\t\t\n<style>\n#text-1476887690 {\n  text-align: left;\n}\n<\/style>\n\t<\/div>\n\t\n\t\t\t<\/div>\n\t\t<\/div>\n\t<\/div>\n\t\n\t\t<\/div>\n\t\t\t\t\t<\/div>\n\n\t\n<\/div>\n<div class=\"row\"  id=\"row-1861287369\">\n\n\t<div id=\"col-301954811\" class=\"col medium-4 small-12 large-4\"  >\n\t\t\t\t<div class=\"col-inner\"  >\n\t\t\t\n\t\t\t\n\t<div class=\"box has-hover   has-hover box-shade dark box-text-bottom\" >\n\n\t\t<div class=\"box-image\" >\n\t\t\t\t\t\t<div class=\"image-zoom\" >\n\t\t\t\t<img loading=\"lazy\" decoding=\"async\" width=\"280\" height=\"278\" src=\"https:\/\/dulich2.viralxmedia.vn\/wp-content\/uploads\/2025\/10\/h3-3.png\" class=\"attachment- size-\" alt=\"\" srcset=\"https:\/\/dulich2.viralxmedia.vn\/wp-content\/uploads\/2025\/10\/h3-3.png 280w, https:\/\/dulich2.viralxmedia.vn\/wp-content\/uploads\/2025\/10\/h3-3-150x150.png 150w, https:\/\/dulich2.viralxmedia.vn\/wp-content\/uploads\/2025\/10\/h3-3-100x100.png 100w\" sizes=\"auto, (max-width: 280px) 100vw, 280px\" \/>\t\t\t\t\t\t\t\t<div class=\"shade\"><\/div>\t\t\t<\/div>\n\t\t\t\t\t<\/div>\n\n\t\t<div class=\"box-text text-center\" >\n\t\t\t<div class=\"box-text-inner\">\n\t\t\t\t\n\t<div id=\"text-1177928765\" class=\"text\">\n\t\t\n<div class=\"tour-card\">\n<h3>M\u1ed9c Ch\u00e2u 2 ng\u00e0y 1 \u0111\u00eam<\/h3>\n<p>\ud83d\udccd H\u00e0nh tr\u00ecnh: <span>Cao Nguy\u00ean M\u1ed9c Ch\u00e2u<\/span><\/p>\n<p>\u23f0 Th\u1eddi gian: <span>2 NG\u00c0Y 1 \u0110\u00caM<\/span><\/p>\n<p>\ud83d\udcc5 Ng\u00e0y kh\u1edfi h\u00e0nh: <span>Th\u1ee9 7 h\u00e0ng tu\u1ea7n<\/span><\/p>\n<div class=\"tour-footer\">\n    <span class=\"price\">950.000\u0111<\/span><br \/>\n    <a href=\"#\" class=\"btn-detail\">Xem chi ti\u1ebft<\/a>\n  <\/div>\n<\/div>\n\t\t\n<style>\n#text-1177928765 {\n  text-align: left;\n}\n<\/style>\n\t<\/div>\n\t\n\t\t\t<\/div>\n\t\t<\/div>\n\t<\/div>\n\t\n\t\t<\/div>\n\t\t\t\t\t<\/div>\n\n\t\n\n\t<div id=\"col-1282267865\" class=\"col medium-4 small-12 large-4\"  >\n\t\t\t\t<div class=\"col-inner\"  >\n\t\t\t\n\t\t\t\n\t<div class=\"box has-hover   has-hover box-shade dark box-text-bottom\" >\n\n\t\t<div class=\"box-image\" >\n\t\t\t\t\t\t<div class=\"image-zoom\" >\n\t\t\t\t<img loading=\"lazy\" decoding=\"async\" width=\"280\" height=\"278\" src=\"https:\/\/dulich2.viralxmedia.vn\/wp-content\/uploads\/2025\/10\/h3-3.png\" class=\"attachment- size-\" alt=\"\" srcset=\"https:\/\/dulich2.viralxmedia.vn\/wp-content\/uploads\/2025\/10\/h3-3.png 280w, https:\/\/dulich2.viralxmedia.vn\/wp-content\/uploads\/2025\/10\/h3-3-150x150.png 150w, https:\/\/dulich2.viralxmedia.vn\/wp-content\/uploads\/2025\/10\/h3-3-100x100.png 100w\" sizes=\"auto, (max-width: 280px) 100vw, 280px\" \/>\t\t\t\t\t\t\t\t<div class=\"shade\"><\/div>\t\t\t<\/div>\n\t\t\t\t\t<\/div>\n\n\t\t<div class=\"box-text text-center\" >\n\t\t\t<div class=\"box-text-inner\">\n\t\t\t\t\n\t<div id=\"text-177341428\" class=\"text\">\n\t\t\n<div class=\"tour-card\">\n<h3>M\u1ed9c Ch\u00e2u 2 ng\u00e0y 1 \u0111\u00eam<\/h3>\n<p>\ud83d\udccd H\u00e0nh tr\u00ecnh: <span>Cao Nguy\u00ean M\u1ed9c Ch\u00e2u<\/span><\/p>\n<p>\u23f0 Th\u1eddi gian: <span>2 NG\u00c0Y 1 \u0110\u00caM<\/span><\/p>\n<p>\ud83d\udcc5 Ng\u00e0y kh\u1edfi h\u00e0nh: <span>Th\u1ee9 7 h\u00e0ng tu\u1ea7n<\/span><\/p>\n<div class=\"tour-footer\">\n    <span class=\"price\">950.000\u0111<\/span><br \/>\n    <a href=\"#\" class=\"btn-detail\">Xem chi ti\u1ebft<\/a>\n  <\/div>\n<\/div>\n\t\t\n<style>\n#text-177341428 {\n  text-align: left;\n}\n<\/style>\n\t<\/div>\n\t\n\t\t\t<\/div>\n\t\t<\/div>\n\t<\/div>\n\t\n\t\t<\/div>\n\t\t\t\t\t<\/div>\n\n\t\n\n\t<div id=\"col-1554033988\" class=\"col medium-4 small-12 large-4\"  >\n\t\t\t\t<div class=\"col-inner\"  >\n\t\t\t\n\t\t\t\n\t<div class=\"box has-hover   has-hover box-shade dark box-text-bottom\" >\n\n\t\t<div class=\"box-image\" >\n\t\t\t\t\t\t<div class=\"image-zoom\" >\n\t\t\t\t<img loading=\"lazy\" decoding=\"async\" width=\"280\" height=\"278\" src=\"https:\/\/dulich2.viralxmedia.vn\/wp-content\/uploads\/2025\/10\/h3-3.png\" class=\"attachment- size-\" alt=\"\" srcset=\"https:\/\/dulich2.viralxmedia.vn\/wp-content\/uploads\/2025\/10\/h3-3.png 280w, https:\/\/dulich2.viralxmedia.vn\/wp-content\/uploads\/2025\/10\/h3-3-150x150.png 150w, https:\/\/dulich2.viralxmedia.vn\/wp-content\/uploads\/2025\/10\/h3-3-100x100.png 100w\" sizes=\"auto, (max-width: 280px) 100vw, 280px\" \/>\t\t\t\t\t\t\t\t<div class=\"shade\"><\/div>\t\t\t<\/div>\n\t\t\t\t\t<\/div>\n\n\t\t<div class=\"box-text text-center\" >\n\t\t\t<div class=\"box-text-inner\">\n\t\t\t\t\n\t<div id=\"text-2151483100\" class=\"text\">\n\t\t\n<div class=\"tour-card\">\n<h3>M\u1ed9c Ch\u00e2u 2 ng\u00e0y 1 \u0111\u00eam<\/h3>\n<p>\ud83d\udccd H\u00e0nh tr\u00ecnh: <span>Cao Nguy\u00ean M\u1ed9c Ch\u00e2u<\/span><\/p>\n<p>\u23f0 Th\u1eddi gian: <span>2 NG\u00c0Y 1 \u0110\u00caM<\/span><\/p>\n<p>\ud83d\udcc5 Ng\u00e0y kh\u1edfi h\u00e0nh: <span>Th\u1ee9 7 h\u00e0ng tu\u1ea7n<\/span><\/p>\n<div class=\"tour-footer\">\n    <span class=\"price\">950.000\u0111<\/span><br \/>\n    <a href=\"#\" class=\"btn-detail\">Xem chi ti\u1ebft<\/a>\n  <\/div>\n<\/div>\n\t\t\n<style>\n#text-2151483100 {\n  text-align: left;\n}\n<\/style>\n\t<\/div>\n\t\n\t\t\t<\/div>\n\t\t<\/div>\n\t<\/div>\n\t\n\t\t<\/div>\n\t\t\t\t\t<\/div>\n\n\t\n<\/div>\n<div class=\"row\"  id=\"row-339328066\">\n\n\t<div id=\"col-950692759\" class=\"col medium-4 small-12 large-4\"  >\n\t\t\t\t<div class=\"col-inner\"  >\n\t\t\t\n\t\t\t\n\t<div class=\"box has-hover   has-hover box-shade dark box-text-bottom\" >\n\n\t\t<div class=\"box-image\" >\n\t\t\t\t\t\t<div class=\"image-zoom\" >\n\t\t\t\t<img loading=\"lazy\" decoding=\"async\" width=\"280\" height=\"278\" src=\"https:\/\/dulich2.viralxmedia.vn\/wp-content\/uploads\/2025\/10\/h3-3.png\" class=\"attachment- size-\" alt=\"\" srcset=\"https:\/\/dulich2.viralxmedia.vn\/wp-content\/uploads\/2025\/10\/h3-3.png 280w, https:\/\/dulich2.viralxmedia.vn\/wp-content\/uploads\/2025\/10\/h3-3-150x150.png 150w, https:\/\/dulich2.viralxmedia.vn\/wp-content\/uploads\/2025\/10\/h3-3-100x100.png 100w\" sizes=\"auto, (max-width: 280px) 100vw, 280px\" \/>\t\t\t\t\t\t\t\t<div class=\"shade\"><\/div>\t\t\t<\/div>\n\t\t\t\t\t<\/div>\n\n\t\t<div class=\"box-text text-center\" >\n\t\t\t<div class=\"box-text-inner\">\n\t\t\t\t\n\t<div id=\"text-1637615924\" class=\"text\">\n\t\t\n<div class=\"tour-card\">\n<h3>M\u1ed9c Ch\u00e2u 2 ng\u00e0y 1 \u0111\u00eam<\/h3>\n<p>\ud83d\udccd H\u00e0nh tr\u00ecnh: <span>Cao Nguy\u00ean M\u1ed9c Ch\u00e2u<\/span><\/p>\n<p>\u23f0 Th\u1eddi gian: <span>2 NG\u00c0Y 1 \u0110\u00caM<\/span><\/p>\n<p>\ud83d\udcc5 Ng\u00e0y kh\u1edfi h\u00e0nh: <span>Th\u1ee9 7 h\u00e0ng tu\u1ea7n<\/span><\/p>\n<div class=\"tour-footer\">\n    <span class=\"price\">950.000\u0111<\/span><br \/>\n    <a href=\"#\" class=\"btn-detail\">Xem chi ti\u1ebft<\/a>\n  <\/div>\n<\/div>\n\t\t\n<style>\n#text-1637615924 {\n  text-align: left;\n}\n<\/style>\n\t<\/div>\n\t\n\t\t\t<\/div>\n\t\t<\/div>\n\t<\/div>\n\t\n\t\t<\/div>\n\t\t\t\t\t<\/div>\n\n\t\n\n\t<div id=\"col-75634154\" class=\"col medium-4 small-12 large-4\"  >\n\t\t\t\t<div class=\"col-inner\"  >\n\t\t\t\n\t\t\t\n\t<div class=\"box has-hover   has-hover box-shade dark box-text-bottom\" >\n\n\t\t<div class=\"box-image\" >\n\t\t\t\t\t\t<div class=\"image-zoom\" >\n\t\t\t\t<img loading=\"lazy\" decoding=\"async\" width=\"280\" height=\"278\" src=\"https:\/\/dulich2.viralxmedia.vn\/wp-content\/uploads\/2025\/10\/h3-3.png\" class=\"attachment- size-\" alt=\"\" srcset=\"https:\/\/dulich2.viralxmedia.vn\/wp-content\/uploads\/2025\/10\/h3-3.png 280w, https:\/\/dulich2.viralxmedia.vn\/wp-content\/uploads\/2025\/10\/h3-3-150x150.png 150w, https:\/\/dulich2.viralxmedia.vn\/wp-content\/uploads\/2025\/10\/h3-3-100x100.png 100w\" sizes=\"auto, (max-width: 280px) 100vw, 280px\" \/>\t\t\t\t\t\t\t\t<div class=\"shade\"><\/div>\t\t\t<\/div>\n\t\t\t\t\t<\/div>\n\n\t\t<div class=\"box-text text-center\" >\n\t\t\t<div class=\"box-text-inner\">\n\t\t\t\t\n\t<div id=\"text-537655219\" class=\"text\">\n\t\t\n<div class=\"tour-card\">\n<h3>M\u1ed9c Ch\u00e2u 2 ng\u00e0y 1 \u0111\u00eam<\/h3>\n<p>\ud83d\udccd H\u00e0nh tr\u00ecnh: <span>Cao Nguy\u00ean M\u1ed9c Ch\u00e2u<\/span><\/p>\n<p>\u23f0 Th\u1eddi gian: <span>2 NG\u00c0Y 1 \u0110\u00caM<\/span><\/p>\n<p>\ud83d\udcc5 Ng\u00e0y kh\u1edfi h\u00e0nh: <span>Th\u1ee9 7 h\u00e0ng tu\u1ea7n<\/span><\/p>\n<div class=\"tour-footer\">\n    <span class=\"price\">950.000\u0111<\/span><br \/>\n    <a href=\"#\" class=\"btn-detail\">Xem chi ti\u1ebft<\/a>\n  <\/div>\n<\/div>\n\t\t\n<style>\n#text-537655219 {\n  text-align: left;\n}\n<\/style>\n\t<\/div>\n\t\n\t\t\t<\/div>\n\t\t<\/div>\n\t<\/div>\n\t\n\t\t<\/div>\n\t\t\t\t\t<\/div>\n\n\t\n\n\t<div id=\"col-1539857928\" class=\"col medium-4 small-12 large-4\"  >\n\t\t\t\t<div class=\"col-inner\"  >\n\t\t\t\n\t\t\t\n\t<div class=\"box has-hover   has-hover box-shade dark box-text-bottom\" >\n\n\t\t<div class=\"box-image\" >\n\t\t\t\t\t\t<div class=\"image-zoom\" >\n\t\t\t\t<img loading=\"lazy\" decoding=\"async\" width=\"280\" height=\"278\" src=\"https:\/\/dulich2.viralxmedia.vn\/wp-content\/uploads\/2025\/10\/h3-3.png\" class=\"attachment- size-\" alt=\"\" srcset=\"https:\/\/dulich2.viralxmedia.vn\/wp-content\/uploads\/2025\/10\/h3-3.png 280w, https:\/\/dulich2.viralxmedia.vn\/wp-content\/uploads\/2025\/10\/h3-3-150x150.png 150w, https:\/\/dulich2.viralxmedia.vn\/wp-content\/uploads\/2025\/10\/h3-3-100x100.png 100w\" sizes=\"auto, (max-width: 280px) 100vw, 280px\" \/>\t\t\t\t\t\t\t\t<div class=\"shade\"><\/div>\t\t\t<\/div>\n\t\t\t\t\t<\/div>\n\n\t\t<div class=\"box-text text-center\" >\n\t\t\t<div class=\"box-text-inner\">\n\t\t\t\t\n\t<div id=\"text-3096130214\" class=\"text\">\n\t\t\n<div class=\"tour-card\">\n<h3>M\u1ed9c Ch\u00e2u 2 ng\u00e0y 1 \u0111\u00eam<\/h3>\n<p>\ud83d\udccd H\u00e0nh tr\u00ecnh: <span>Cao Nguy\u00ean M\u1ed9c Ch\u00e2u<\/span><\/p>\n<p>\u23f0 Th\u1eddi gian: <span>2 NG\u00c0Y 1 \u0110\u00caM<\/span><\/p>\n<p>\ud83d\udcc5 Ng\u00e0y kh\u1edfi h\u00e0nh: <span>Th\u1ee9 7 h\u00e0ng tu\u1ea7n<\/span><\/p>\n<div class=\"tour-footer\">\n    <span class=\"price\">950.000\u0111<\/span><br \/>\n    <a href=\"#\" class=\"btn-detail\">Xem chi ti\u1ebft<\/a>\n  <\/div>\n<\/div>\n\t\t\n<style>\n#text-3096130214 {\n  text-align: left;\n}\n<\/style>\n\t<\/div>\n\t\n\t\t\t<\/div>\n\t\t<\/div>\n\t<\/div>\n\t\n\t\t<\/div>\n\t\t\t\t\t<\/div>\n\n\t\n<\/div>\n<div class=\"row\"  id=\"row-908041884\">\n\n\t<div id=\"col-615920769\" class=\"col medium-4 small-12 large-4\"  >\n\t\t\t\t<div class=\"col-inner\"  >\n\t\t\t\n\t\t\t\n\t<div class=\"box has-hover   has-hover box-shade dark box-text-bottom\" >\n\n\t\t<div class=\"box-image\" >\n\t\t\t\t\t\t<div class=\"image-zoom\" >\n\t\t\t\t<img loading=\"lazy\" decoding=\"async\" width=\"280\" height=\"278\" src=\"https:\/\/dulich2.viralxmedia.vn\/wp-content\/uploads\/2025\/10\/h3-3.png\" class=\"attachment- size-\" alt=\"\" srcset=\"https:\/\/dulich2.viralxmedia.vn\/wp-content\/uploads\/2025\/10\/h3-3.png 280w, https:\/\/dulich2.viralxmedia.vn\/wp-content\/uploads\/2025\/10\/h3-3-150x150.png 150w, https:\/\/dulich2.viralxmedia.vn\/wp-content\/uploads\/2025\/10\/h3-3-100x100.png 100w\" sizes=\"auto, (max-width: 280px) 100vw, 280px\" \/>\t\t\t\t\t\t\t\t<div class=\"shade\"><\/div>\t\t\t<\/div>\n\t\t\t\t\t<\/div>\n\n\t\t<div class=\"box-text text-center\" >\n\t\t\t<div class=\"box-text-inner\">\n\t\t\t\t\n\t<div id=\"text-734236944\" class=\"text\">\n\t\t\n<div class=\"tour-card\">\n<h3>M\u1ed9c Ch\u00e2u 2 ng\u00e0y 1 \u0111\u00eam<\/h3>\n<p>\ud83d\udccd H\u00e0nh tr\u00ecnh: <span>Cao Nguy\u00ean M\u1ed9c Ch\u00e2u<\/span><\/p>\n<p>\u23f0 Th\u1eddi gian: <span>2 NG\u00c0Y 1 \u0110\u00caM<\/span><\/p>\n<p>\ud83d\udcc5 Ng\u00e0y kh\u1edfi h\u00e0nh: <span>Th\u1ee9 7 h\u00e0ng tu\u1ea7n<\/span><\/p>\n<div class=\"tour-footer\">\n    <span class=\"price\">950.000\u0111<\/span><br \/>\n    <a href=\"#\" class=\"btn-detail\">Xem chi ti\u1ebft<\/a>\n  <\/div>\n<\/div>\n\t\t\n<style>\n#text-734236944 {\n  text-align: left;\n}\n<\/style>\n\t<\/div>\n\t\n\t\t\t<\/div>\n\t\t<\/div>\n\t<\/div>\n\t\n\t\t<\/div>\n\t\t\t\t\t<\/div>\n\n\t\n\n\t<div id=\"col-1772287123\" class=\"col medium-4 small-12 large-4\"  >\n\t\t\t\t<div class=\"col-inner\"  >\n\t\t\t\n\t\t\t\n\t<div class=\"box has-hover   has-hover box-shade dark box-text-bottom\" >\n\n\t\t<div class=\"box-image\" >\n\t\t\t\t\t\t<div class=\"image-zoom\" >\n\t\t\t\t<img loading=\"lazy\" decoding=\"async\" width=\"280\" height=\"278\" src=\"https:\/\/dulich2.viralxmedia.vn\/wp-content\/uploads\/2025\/10\/h3-3.png\" class=\"attachment- size-\" alt=\"\" srcset=\"https:\/\/dulich2.viralxmedia.vn\/wp-content\/uploads\/2025\/10\/h3-3.png 280w, https:\/\/dulich2.viralxmedia.vn\/wp-content\/uploads\/2025\/10\/h3-3-150x150.png 150w, https:\/\/dulich2.viralxmedia.vn\/wp-content\/uploads\/2025\/10\/h3-3-100x100.png 100w\" sizes=\"auto, (max-width: 280px) 100vw, 280px\" \/>\t\t\t\t\t\t\t\t<div class=\"shade\"><\/div>\t\t\t<\/div>\n\t\t\t\t\t<\/div>\n\n\t\t<div class=\"box-text text-center\" >\n\t\t\t<div class=\"box-text-inner\">\n\t\t\t\t\n\t<div id=\"text-2948509746\" class=\"text\">\n\t\t\n<div class=\"tour-card\">\n<h3>M\u1ed9c Ch\u00e2u 2 ng\u00e0y 1 \u0111\u00eam<\/h3>\n<p>\ud83d\udccd H\u00e0nh tr\u00ecnh: <span>Cao Nguy\u00ean M\u1ed9c Ch\u00e2u<\/span><\/p>\n<p>\u23f0 Th\u1eddi gian: <span>2 NG\u00c0Y 1 \u0110\u00caM<\/span><\/p>\n<p>\ud83d\udcc5 Ng\u00e0y kh\u1edfi h\u00e0nh: <span>Th\u1ee9 7 h\u00e0ng tu\u1ea7n<\/span><\/p>\n<div class=\"tour-footer\">\n    <span class=\"price\">950.000\u0111<\/span><br \/>\n    <a href=\"#\" class=\"btn-detail\">Xem chi ti\u1ebft<\/a>\n  <\/div>\n<\/div>\n\t\t\n<style>\n#text-2948509746 {\n  text-align: left;\n}\n<\/style>\n\t<\/div>\n\t\n\t\t\t<\/div>\n\t\t<\/div>\n\t<\/div>\n\t\n\t\t<\/div>\n\t\t\t\t\t<\/div>\n\n\t\n\n\t<div id=\"col-30602956\" class=\"col medium-4 small-12 large-4\"  >\n\t\t\t\t<div class=\"col-inner\"  >\n\t\t\t\n\t\t\t\n\t<div class=\"box has-hover   has-hover box-shade dark box-text-bottom\" >\n\n\t\t<div class=\"box-image\" >\n\t\t\t\t\t\t<div class=\"image-zoom\" >\n\t\t\t\t<img loading=\"lazy\" decoding=\"async\" width=\"280\" height=\"278\" src=\"https:\/\/dulich2.viralxmedia.vn\/wp-content\/uploads\/2025\/10\/h3-3.png\" class=\"attachment- size-\" alt=\"\" srcset=\"https:\/\/dulich2.viralxmedia.vn\/wp-content\/uploads\/2025\/10\/h3-3.png 280w, https:\/\/dulich2.viralxmedia.vn\/wp-content\/uploads\/2025\/10\/h3-3-150x150.png 150w, https:\/\/dulich2.viralxmedia.vn\/wp-content\/uploads\/2025\/10\/h3-3-100x100.png 100w\" sizes=\"auto, (max-width: 280px) 100vw, 280px\" \/>\t\t\t\t\t\t\t\t<div class=\"shade\"><\/div>\t\t\t<\/div>\n\t\t\t\t\t<\/div>\n\n\t\t<div class=\"box-text text-center\" >\n\t\t\t<div class=\"box-text-inner\">\n\t\t\t\t\n\t<div id=\"text-1357195683\" class=\"text\">\n\t\t\n<div class=\"tour-card\">\n<h3>M\u1ed9c Ch\u00e2u 2 ng\u00e0y 1 \u0111\u00eam<\/h3>\n<p>\ud83d\udccd H\u00e0nh tr\u00ecnh: <span>Cao Nguy\u00ean M\u1ed9c Ch\u00e2u<\/span><\/p>\n<p>\u23f0 Th\u1eddi gian: <span>2 NG\u00c0Y 1 \u0110\u00caM<\/span><\/p>\n<p>\ud83d\udcc5 Ng\u00e0y kh\u1edfi h\u00e0nh: <span>Th\u1ee9 7 h\u00e0ng tu\u1ea7n<\/span><\/p>\n<div class=\"tour-footer\">\n    <span class=\"price\">950.000\u0111<\/span><br \/>\n    <a href=\"#\" class=\"btn-detail\">Xem chi ti\u1ebft<\/a>\n  <\/div>\n<\/div>\n\t\t\n<style>\n#text-1357195683 {\n  text-align: left;\n}\n<\/style>\n\t<\/div>\n\t\n\t\t\t<\/div>\n\t\t<\/div>\n\t<\/div>\n\t\n\t\t<\/div>\n\t\t\t\t\t<\/div>\n\n\t\n<\/div>\n\t\t<\/div>\n\n\t\t\n<style>\n#section_1147706230 {\n  padding-top: 30px;\n  padding-bottom: 30px;\n}\n<\/style>\n\t<\/section>\n\t\n","protected":false},"excerpt":{"rendered":"","protected":false},"author":1,"featured_media":0,"parent":0,"menu_order":0,"comment_status":"closed","ping_status":"closed","template":"page-blank.php","meta":{"footnotes":""},"class_list":["post-45","page","type-page","status-publish","hentry"],"_links":{"self":[{"href":"https:\/\/dulich2.viralxmedia.vn\/index.php\/wp-json\/wp\/v2\/pages\/45","targetHints":{"allow":["GET"]}}],"collection":[{"href":"https:\/\/dulich2.viralxmedia.vn\/index.php\/wp-json\/wp\/v2\/pages"}],"about":[{"href":"https:\/\/dulich2.viralxmedia.vn\/index.php\/wp-json\/wp\/v2\/types\/page"}],"author":[{"embeddable":true,"href":"https:\/\/dulich2.viralxmedia.vn\/index.php\/wp-json\/wp\/v2\/users\/1"}],"replies":[{"embeddable":true,"href":"https:\/\/dulich2.viralxmedia.vn\/index.php\/wp-json\/wp\/v2\/comments?post=45"}],"version-history":[{"count":2,"href":"https:\/\/dulich2.viralxmedia.vn\/index.php\/wp-json\/wp\/v2\/pages\/45\/revisions"}],"predecessor-version":[{"id":189,"href":"https:\/\/dulich2.viralxmedia.vn\/index.php\/wp-json\/wp\/v2\/pages\/45\/revisions\/189"}],"wp:attachment":[{"href":"https:\/\/dulich2.viralxmedia.vn\/index.php\/wp-json\/wp\/v2\/media?parent=45"}],"curies":[{"name":"wp","href":"https:\/\/api.w.org\/{rel}","templated":true}]}}