{"id":43,"date":"2025-10-24T02:49:05","date_gmt":"2025-10-24T02:49:05","guid":{"rendered":"http:\/\/dulich2.viralxmedia.vn\/?page_id=43"},"modified":"2025-10-25T03:50:07","modified_gmt":"2025-10-25T03:50:07","slug":"mien-trung","status":"publish","type":"page","link":"https:\/\/dulich2.viralxmedia.vn\/index.php\/mien-trung\/","title":{"rendered":"Mi\u1ec1n trung"},"content":{"rendered":"\t<section class=\"section\" id=\"section_673742407\">\n\t\t<div class=\"bg section-bg fill bg-fill  \" >\n\n\t\t\t\n\t\t\t\n\t\t\t\n\n\t\t<\/div>\n\n\t\t\n\n\t\t<div class=\"section-content relative\">\n\t\t\t\n\t<div id=\"text-1275915741\" class=\"text\">\n\t\t\n<p style=\"text-align: center;\"><strong>MI\u1ec0N TRUNG<\/strong><\/p>\n\t\t\n<style>\n#text-1275915741 {\n  font-size: 1.95rem;\n  color: rgb(255,255,255);\n}\n#text-1275915741 > * {\n  color: rgb(255,255,255);\n}\n<\/style>\n\t<\/div>\n\t\n\t\t<\/div>\n\n\t\t\n<style>\n#section_673742407 {\n  padding-top: 30px;\n  padding-bottom: 30px;\n}\n#section_673742407 .section-bg.bg-loaded {\n  background-image: url(https:\/\/dulich2.viralxmedia.vn\/wp-content\/uploads\/2025\/10\/bghd-9.jpg);\n}\n<\/style>\n\t<\/section>\n\t\n\t<section class=\"section\" id=\"section_2052991589\">\n\t\t<div class=\"bg section-bg fill bg-fill  bg-loaded\" >\n\n\t\t\t\n\t\t\t\n\t\t\t\n\n\t\t<\/div>\n\n\t\t\n\n\t\t<div class=\"section-content relative\">\n\t\t\t\n<div class=\"row\"  id=\"row-186425449\">\n\n\t<div id=\"col-126830537\" class=\"col medium-4 small-12 large-4\"  >\n\t\t\t\t<div class=\"col-inner\"  >\n\t\t\t\n\t\t\t\n\t<div class=\"box has-hover   has-hover box-shade dark box-text-bottom\" >\n\n\t\t<div class=\"box-image\" >\n\t\t\t\t\t\t<div class=\"image-zoom\" >\n\t\t\t\t<img loading=\"lazy\" decoding=\"async\" width=\"280\" height=\"278\" src=\"https:\/\/dulich2.viralxmedia.vn\/wp-content\/uploads\/2025\/10\/h5-3.png\" class=\"attachment- size-\" alt=\"\" srcset=\"https:\/\/dulich2.viralxmedia.vn\/wp-content\/uploads\/2025\/10\/h5-3.png 280w, https:\/\/dulich2.viralxmedia.vn\/wp-content\/uploads\/2025\/10\/h5-3-150x150.png 150w, https:\/\/dulich2.viralxmedia.vn\/wp-content\/uploads\/2025\/10\/h5-3-100x100.png 100w\" sizes=\"auto, (max-width: 280px) 100vw, 280px\" \/>\t\t\t\t\t\t\t\t<div class=\"shade\"><\/div>\t\t\t<\/div>\n\t\t\t\t\t<\/div>\n\n\t\t<div class=\"box-text text-left\" >\n\t\t\t<div class=\"box-text-inner\">\n\t\t\t\t\n<div class=\"tour-card\">\n<h3>M\u1ed9c Ch\u00e2u 2 ng\u00e0y 1 \u0111\u00eam<\/h3>\n<p>\ud83d\udccd H\u00e0nh tr\u00ecnh: <span>Cao Nguy\u00ean M\u1ed9c Ch\u00e2u<\/span><\/p>\n<p>\u23f0 Th\u1eddi gian: <span>2 NG\u00c0Y 1 \u0110\u00caM<\/span><\/p>\n<p>\ud83d\udcc5 Ng\u00e0y kh\u1edfi h\u00e0nh: <span>Th\u1ee9 7 h\u00e0ng tu\u1ea7n<\/span><\/p>\n<div class=\"tour-footer\">\n    <span class=\"price\">950.000\u0111<\/span><br \/>\n    <a href=\"http:\/\/dulich2.viralxmedia.vn\/index.php\/product\/moc-chau-2-ngay-1-dem\/\" class=\"btn-detail\">Xem chi ti\u1ebft<\/a>\n  <\/div>\n<\/div>\n\t\t\t<\/div>\n\t\t<\/div>\n\t<\/div>\n\t\n\t\t<\/div>\n\t\t\t\t\t<\/div>\n\n\t\n\n\t<div id=\"col-80529845\" class=\"col medium-4 small-12 large-4\"  >\n\t\t\t\t<div class=\"col-inner\"  >\n\t\t\t\n\t\t\t\n\t<div class=\"box has-hover   has-hover box-shade dark box-text-bottom\" >\n\n\t\t<div class=\"box-image\" >\n\t\t\t\t\t\t<div class=\"image-zoom\" >\n\t\t\t\t<img loading=\"lazy\" decoding=\"async\" width=\"280\" height=\"278\" src=\"https:\/\/dulich2.viralxmedia.vn\/wp-content\/uploads\/2025\/10\/h5-3.png\" class=\"attachment- size-\" alt=\"\" srcset=\"https:\/\/dulich2.viralxmedia.vn\/wp-content\/uploads\/2025\/10\/h5-3.png 280w, https:\/\/dulich2.viralxmedia.vn\/wp-content\/uploads\/2025\/10\/h5-3-150x150.png 150w, https:\/\/dulich2.viralxmedia.vn\/wp-content\/uploads\/2025\/10\/h5-3-100x100.png 100w\" sizes=\"auto, (max-width: 280px) 100vw, 280px\" \/>\t\t\t\t\t\t\t\t<div class=\"shade\"><\/div>\t\t\t<\/div>\n\t\t\t\t\t<\/div>\n\n\t\t<div class=\"box-text text-left\" >\n\t\t\t<div class=\"box-text-inner\">\n\t\t\t\t\n<div class=\"tour-card\">\n<h3>M\u1ed9c Ch\u00e2u 2 ng\u00e0y 1 \u0111\u00eam<\/h3>\n<p>\ud83d\udccd H\u00e0nh tr\u00ecnh: <span>Cao Nguy\u00ean M\u1ed9c Ch\u00e2u<\/span><\/p>\n<p>\u23f0 Th\u1eddi gian: <span>2 NG\u00c0Y 1 \u0110\u00caM<\/span><\/p>\n<p>\ud83d\udcc5 Ng\u00e0y kh\u1edfi h\u00e0nh: <span>Th\u1ee9 7 h\u00e0ng tu\u1ea7n<\/span><\/p>\n<div class=\"tour-footer\">\n    <span class=\"price\">950.000\u0111<\/span><br \/>\n    <a href=\"http:\/\/dulich2.viralxmedia.vn\/index.php\/product\/moc-chau-2-ngay-1-dem\/\" class=\"btn-detail\">Xem chi ti\u1ebft<\/a>\n  <\/div>\n<\/div>\n\t\t\t<\/div>\n\t\t<\/div>\n\t<\/div>\n\t\n\t\t<\/div>\n\t\t\t\t\t<\/div>\n\n\t\n\n\t<div id=\"col-1251060178\" class=\"col medium-4 small-12 large-4\"  >\n\t\t\t\t<div class=\"col-inner\"  >\n\t\t\t\n\t\t\t\n\t<div class=\"box has-hover   has-hover box-shade dark box-text-bottom\" >\n\n\t\t<div class=\"box-image\" >\n\t\t\t\t\t\t<div class=\"image-zoom\" >\n\t\t\t\t<img loading=\"lazy\" decoding=\"async\" width=\"280\" height=\"278\" src=\"https:\/\/dulich2.viralxmedia.vn\/wp-content\/uploads\/2025\/10\/h5-3.png\" class=\"attachment- size-\" alt=\"\" srcset=\"https:\/\/dulich2.viralxmedia.vn\/wp-content\/uploads\/2025\/10\/h5-3.png 280w, https:\/\/dulich2.viralxmedia.vn\/wp-content\/uploads\/2025\/10\/h5-3-150x150.png 150w, https:\/\/dulich2.viralxmedia.vn\/wp-content\/uploads\/2025\/10\/h5-3-100x100.png 100w\" sizes=\"auto, (max-width: 280px) 100vw, 280px\" \/>\t\t\t\t\t\t\t\t<div class=\"shade\"><\/div>\t\t\t<\/div>\n\t\t\t\t\t<\/div>\n\n\t\t<div class=\"box-text text-left\" >\n\t\t\t<div class=\"box-text-inner\">\n\t\t\t\t\n<div class=\"tour-card\">\n<h3>M\u1ed9c Ch\u00e2u 2 ng\u00e0y 1 \u0111\u00eam<\/h3>\n<p>\ud83d\udccd H\u00e0nh tr\u00ecnh: <span>Cao Nguy\u00ean M\u1ed9c Ch\u00e2u<\/span><\/p>\n<p>\u23f0 Th\u1eddi gian: <span>2 NG\u00c0Y 1 \u0110\u00caM<\/span><\/p>\n<p>\ud83d\udcc5 Ng\u00e0y kh\u1edfi h\u00e0nh: <span>Th\u1ee9 7 h\u00e0ng tu\u1ea7n<\/span><\/p>\n<div class=\"tour-footer\">\n    <span class=\"price\">950.000\u0111<\/span><br \/>\n    <a href=\"http:\/\/dulich2.viralxmedia.vn\/index.php\/product\/moc-chau-2-ngay-1-dem\/\" class=\"btn-detail\">Xem chi ti\u1ebft<\/a>\n  <\/div>\n<\/div>\n\t\t\t<\/div>\n\t\t<\/div>\n\t<\/div>\n\t\n\t\t<\/div>\n\t\t\t\t\t<\/div>\n\n\t\n<\/div>\n<div class=\"row\"  id=\"row-1031660766\">\n\n\t<div id=\"col-913774449\" class=\"col medium-4 small-12 large-4\"  >\n\t\t\t\t<div class=\"col-inner\"  >\n\t\t\t\n\t\t\t\n\t<div class=\"box has-hover   has-hover box-shade dark box-text-bottom\" >\n\n\t\t<div class=\"box-image\" >\n\t\t\t\t\t\t<div class=\"image-zoom\" >\n\t\t\t\t<img loading=\"lazy\" decoding=\"async\" width=\"280\" height=\"278\" src=\"https:\/\/dulich2.viralxmedia.vn\/wp-content\/uploads\/2025\/10\/h5-3.png\" class=\"attachment- size-\" alt=\"\" srcset=\"https:\/\/dulich2.viralxmedia.vn\/wp-content\/uploads\/2025\/10\/h5-3.png 280w, https:\/\/dulich2.viralxmedia.vn\/wp-content\/uploads\/2025\/10\/h5-3-150x150.png 150w, https:\/\/dulich2.viralxmedia.vn\/wp-content\/uploads\/2025\/10\/h5-3-100x100.png 100w\" sizes=\"auto, (max-width: 280px) 100vw, 280px\" \/>\t\t\t\t\t\t\t\t<div class=\"shade\"><\/div>\t\t\t<\/div>\n\t\t\t\t\t<\/div>\n\n\t\t<div class=\"box-text text-left\" >\n\t\t\t<div class=\"box-text-inner\">\n\t\t\t\t\n<div class=\"tour-card\">\n<h3>M\u1ed9c Ch\u00e2u 2 ng\u00e0y 1 \u0111\u00eam<\/h3>\n<p>\ud83d\udccd H\u00e0nh tr\u00ecnh: <span>Cao Nguy\u00ean M\u1ed9c Ch\u00e2u<\/span><\/p>\n<p>\u23f0 Th\u1eddi gian: <span>2 NG\u00c0Y 1 \u0110\u00caM<\/span><\/p>\n<p>\ud83d\udcc5 Ng\u00e0y kh\u1edfi h\u00e0nh: <span>Th\u1ee9 7 h\u00e0ng tu\u1ea7n<\/span><\/p>\n<div class=\"tour-footer\">\n    <span class=\"price\">950.000\u0111<\/span><br \/>\n    <a href=\"http:\/\/dulich2.viralxmedia.vn\/index.php\/product\/moc-chau-2-ngay-1-dem\/\" class=\"btn-detail\">Xem chi ti\u1ebft<\/a>\n  <\/div>\n<\/div>\n\t\t\t<\/div>\n\t\t<\/div>\n\t<\/div>\n\t\n\t\t<\/div>\n\t\t\t\t\t<\/div>\n\n\t\n\n\t<div id=\"col-2114640835\" class=\"col medium-4 small-12 large-4\"  >\n\t\t\t\t<div class=\"col-inner\"  >\n\t\t\t\n\t\t\t\n\t<div class=\"box has-hover   has-hover box-shade dark box-text-bottom\" >\n\n\t\t<div class=\"box-image\" >\n\t\t\t\t\t\t<div class=\"image-zoom\" >\n\t\t\t\t<img loading=\"lazy\" decoding=\"async\" width=\"280\" height=\"278\" src=\"https:\/\/dulich2.viralxmedia.vn\/wp-content\/uploads\/2025\/10\/h5-3.png\" class=\"attachment- size-\" alt=\"\" srcset=\"https:\/\/dulich2.viralxmedia.vn\/wp-content\/uploads\/2025\/10\/h5-3.png 280w, https:\/\/dulich2.viralxmedia.vn\/wp-content\/uploads\/2025\/10\/h5-3-150x150.png 150w, https:\/\/dulich2.viralxmedia.vn\/wp-content\/uploads\/2025\/10\/h5-3-100x100.png 100w\" sizes=\"auto, (max-width: 280px) 100vw, 280px\" \/>\t\t\t\t\t\t\t\t<div class=\"shade\"><\/div>\t\t\t<\/div>\n\t\t\t\t\t<\/div>\n\n\t\t<div class=\"box-text text-left\" >\n\t\t\t<div class=\"box-text-inner\">\n\t\t\t\t\n<div class=\"tour-card\">\n<h3>M\u1ed9c Ch\u00e2u 2 ng\u00e0y 1 \u0111\u00eam<\/h3>\n<p>\ud83d\udccd H\u00e0nh tr\u00ecnh: <span>Cao Nguy\u00ean M\u1ed9c Ch\u00e2u<\/span><\/p>\n<p>\u23f0 Th\u1eddi gian: <span>2 NG\u00c0Y 1 \u0110\u00caM<\/span><\/p>\n<p>\ud83d\udcc5 Ng\u00e0y kh\u1edfi h\u00e0nh: <span>Th\u1ee9 7 h\u00e0ng tu\u1ea7n<\/span><\/p>\n<div class=\"tour-footer\">\n    <span class=\"price\">950.000\u0111<\/span><br \/>\n    <a href=\"http:\/\/dulich2.viralxmedia.vn\/index.php\/product\/moc-chau-2-ngay-1-dem\/\" class=\"btn-detail\">Xem chi ti\u1ebft<\/a>\n  <\/div>\n<\/div>\n\t\t\t<\/div>\n\t\t<\/div>\n\t<\/div>\n\t\n\t\t<\/div>\n\t\t\t\t\t<\/div>\n\n\t\n\n\t<div id=\"col-1940124426\" class=\"col medium-4 small-12 large-4\"  >\n\t\t\t\t<div class=\"col-inner\"  >\n\t\t\t\n\t\t\t\n\t<div class=\"box has-hover   has-hover box-shade dark box-text-bottom\" >\n\n\t\t<div class=\"box-image\" >\n\t\t\t\t\t\t<div class=\"image-zoom\" >\n\t\t\t\t<img loading=\"lazy\" decoding=\"async\" width=\"280\" height=\"278\" src=\"https:\/\/dulich2.viralxmedia.vn\/wp-content\/uploads\/2025\/10\/h5-3.png\" class=\"attachment- size-\" alt=\"\" srcset=\"https:\/\/dulich2.viralxmedia.vn\/wp-content\/uploads\/2025\/10\/h5-3.png 280w, https:\/\/dulich2.viralxmedia.vn\/wp-content\/uploads\/2025\/10\/h5-3-150x150.png 150w, https:\/\/dulich2.viralxmedia.vn\/wp-content\/uploads\/2025\/10\/h5-3-100x100.png 100w\" sizes=\"auto, (max-width: 280px) 100vw, 280px\" \/>\t\t\t\t\t\t\t\t<div class=\"shade\"><\/div>\t\t\t<\/div>\n\t\t\t\t\t<\/div>\n\n\t\t<div class=\"box-text text-left\" >\n\t\t\t<div class=\"box-text-inner\">\n\t\t\t\t\n<div class=\"tour-card\">\n<h3>M\u1ed9c Ch\u00e2u 2 ng\u00e0y 1 \u0111\u00eam<\/h3>\n<p>\ud83d\udccd H\u00e0nh tr\u00ecnh: <span>Cao Nguy\u00ean M\u1ed9c Ch\u00e2u<\/span><\/p>\n<p>\u23f0 Th\u1eddi gian: <span>2 NG\u00c0Y 1 \u0110\u00caM<\/span><\/p>\n<p>\ud83d\udcc5 Ng\u00e0y kh\u1edfi h\u00e0nh: <span>Th\u1ee9 7 h\u00e0ng tu\u1ea7n<\/span><\/p>\n<div class=\"tour-footer\">\n    <span class=\"price\">950.000\u0111<\/span><br \/>\n    <a href=\"http:\/\/dulich2.viralxmedia.vn\/index.php\/product\/moc-chau-2-ngay-1-dem\/\" class=\"btn-detail\">Xem chi ti\u1ebft<\/a>\n  <\/div>\n<\/div>\n\t\t\t<\/div>\n\t\t<\/div>\n\t<\/div>\n\t\n\t\t<\/div>\n\t\t\t\t\t<\/div>\n\n\t\n<\/div>\n<div class=\"row\"  id=\"row-771585298\">\n\n\t<div id=\"col-1988649910\" class=\"col medium-4 small-12 large-4\"  >\n\t\t\t\t<div class=\"col-inner\"  >\n\t\t\t\n\t\t\t\n\t<div class=\"box has-hover   has-hover box-shade dark box-text-bottom\" >\n\n\t\t<div class=\"box-image\" >\n\t\t\t\t\t\t<div class=\"image-zoom\" >\n\t\t\t\t<img loading=\"lazy\" decoding=\"async\" width=\"280\" height=\"278\" src=\"https:\/\/dulich2.viralxmedia.vn\/wp-content\/uploads\/2025\/10\/h5-3.png\" class=\"attachment- size-\" alt=\"\" srcset=\"https:\/\/dulich2.viralxmedia.vn\/wp-content\/uploads\/2025\/10\/h5-3.png 280w, https:\/\/dulich2.viralxmedia.vn\/wp-content\/uploads\/2025\/10\/h5-3-150x150.png 150w, https:\/\/dulich2.viralxmedia.vn\/wp-content\/uploads\/2025\/10\/h5-3-100x100.png 100w\" sizes=\"auto, (max-width: 280px) 100vw, 280px\" \/>\t\t\t\t\t\t\t\t<div class=\"shade\"><\/div>\t\t\t<\/div>\n\t\t\t\t\t<\/div>\n\n\t\t<div class=\"box-text text-left\" >\n\t\t\t<div class=\"box-text-inner\">\n\t\t\t\t\n<div class=\"tour-card\">\n<h3>M\u1ed9c Ch\u00e2u 2 ng\u00e0y 1 \u0111\u00eam<\/h3>\n<p>\ud83d\udccd H\u00e0nh tr\u00ecnh: <span>Cao Nguy\u00ean M\u1ed9c Ch\u00e2u<\/span><\/p>\n<p>\u23f0 Th\u1eddi gian: <span>2 NG\u00c0Y 1 \u0110\u00caM<\/span><\/p>\n<p>\ud83d\udcc5 Ng\u00e0y kh\u1edfi h\u00e0nh: <span>Th\u1ee9 7 h\u00e0ng tu\u1ea7n<\/span><\/p>\n<div class=\"tour-footer\">\n    <span class=\"price\">950.000\u0111<\/span><br \/>\n    <a href=\"http:\/\/dulich2.viralxmedia.vn\/index.php\/product\/moc-chau-2-ngay-1-dem\/\" class=\"btn-detail\">Xem chi ti\u1ebft<\/a>\n  <\/div>\n<\/div>\n\t\t\t<\/div>\n\t\t<\/div>\n\t<\/div>\n\t\n\t\t<\/div>\n\t\t\t\t\t<\/div>\n\n\t\n\n\t<div id=\"col-1977271449\" class=\"col medium-4 small-12 large-4\"  >\n\t\t\t\t<div class=\"col-inner\"  >\n\t\t\t\n\t\t\t\n\t<div class=\"box has-hover   has-hover box-shade dark box-text-bottom\" >\n\n\t\t<div class=\"box-image\" >\n\t\t\t\t\t\t<div class=\"image-zoom\" >\n\t\t\t\t<img loading=\"lazy\" decoding=\"async\" width=\"280\" height=\"278\" src=\"https:\/\/dulich2.viralxmedia.vn\/wp-content\/uploads\/2025\/10\/h5-3.png\" class=\"attachment- size-\" alt=\"\" srcset=\"https:\/\/dulich2.viralxmedia.vn\/wp-content\/uploads\/2025\/10\/h5-3.png 280w, https:\/\/dulich2.viralxmedia.vn\/wp-content\/uploads\/2025\/10\/h5-3-150x150.png 150w, https:\/\/dulich2.viralxmedia.vn\/wp-content\/uploads\/2025\/10\/h5-3-100x100.png 100w\" sizes=\"auto, (max-width: 280px) 100vw, 280px\" \/>\t\t\t\t\t\t\t\t<div class=\"shade\"><\/div>\t\t\t<\/div>\n\t\t\t\t\t<\/div>\n\n\t\t<div class=\"box-text text-left\" >\n\t\t\t<div class=\"box-text-inner\">\n\t\t\t\t\n<div class=\"tour-card\">\n<h3>M\u1ed9c Ch\u00e2u 2 ng\u00e0y 1 \u0111\u00eam<\/h3>\n<p>\ud83d\udccd H\u00e0nh tr\u00ecnh: <span>Cao Nguy\u00ean M\u1ed9c Ch\u00e2u<\/span><\/p>\n<p>\u23f0 Th\u1eddi gian: <span>2 NG\u00c0Y 1 \u0110\u00caM<\/span><\/p>\n<p>\ud83d\udcc5 Ng\u00e0y kh\u1edfi h\u00e0nh: <span>Th\u1ee9 7 h\u00e0ng tu\u1ea7n<\/span><\/p>\n<div class=\"tour-footer\">\n    <span class=\"price\">950.000\u0111<\/span><br \/>\n    <a href=\"http:\/\/dulich2.viralxmedia.vn\/index.php\/product\/moc-chau-2-ngay-1-dem\/\" class=\"btn-detail\">Xem chi ti\u1ebft<\/a>\n  <\/div>\n<\/div>\n\t\t\t<\/div>\n\t\t<\/div>\n\t<\/div>\n\t\n\t\t<\/div>\n\t\t\t\t\t<\/div>\n\n\t\n\n\t<div id=\"col-1466446475\" class=\"col medium-4 small-12 large-4\"  >\n\t\t\t\t<div class=\"col-inner\"  >\n\t\t\t\n\t\t\t\n\t<div class=\"box has-hover   has-hover box-shade dark box-text-bottom\" >\n\n\t\t<div class=\"box-image\" >\n\t\t\t\t\t\t<div class=\"image-zoom\" >\n\t\t\t\t<img loading=\"lazy\" decoding=\"async\" width=\"280\" height=\"278\" src=\"https:\/\/dulich2.viralxmedia.vn\/wp-content\/uploads\/2025\/10\/h5-3.png\" class=\"attachment- size-\" alt=\"\" srcset=\"https:\/\/dulich2.viralxmedia.vn\/wp-content\/uploads\/2025\/10\/h5-3.png 280w, https:\/\/dulich2.viralxmedia.vn\/wp-content\/uploads\/2025\/10\/h5-3-150x150.png 150w, https:\/\/dulich2.viralxmedia.vn\/wp-content\/uploads\/2025\/10\/h5-3-100x100.png 100w\" sizes=\"auto, (max-width: 280px) 100vw, 280px\" \/>\t\t\t\t\t\t\t\t<div class=\"shade\"><\/div>\t\t\t<\/div>\n\t\t\t\t\t<\/div>\n\n\t\t<div class=\"box-text text-left\" >\n\t\t\t<div class=\"box-text-inner\">\n\t\t\t\t\n<div class=\"tour-card\">\n<h3>M\u1ed9c Ch\u00e2u 2 ng\u00e0y 1 \u0111\u00eam<\/h3>\n<p>\ud83d\udccd H\u00e0nh tr\u00ecnh: <span>Cao Nguy\u00ean M\u1ed9c Ch\u00e2u<\/span><\/p>\n<p>\u23f0 Th\u1eddi gian: <span>2 NG\u00c0Y 1 \u0110\u00caM<\/span><\/p>\n<p>\ud83d\udcc5 Ng\u00e0y kh\u1edfi h\u00e0nh: <span>Th\u1ee9 7 h\u00e0ng tu\u1ea7n<\/span><\/p>\n<div class=\"tour-footer\">\n    <span class=\"price\">950.000\u0111<\/span><br \/>\n    <a href=\"http:\/\/dulich2.viralxmedia.vn\/index.php\/product\/moc-chau-2-ngay-1-dem\/\" class=\"btn-detail\">Xem chi ti\u1ebft<\/a>\n  <\/div>\n<\/div>\n\t\t\t<\/div>\n\t\t<\/div>\n\t<\/div>\n\t\n\t\t<\/div>\n\t\t\t\t\t<\/div>\n\n\t\n<\/div>\n<div class=\"row\"  id=\"row-1180863363\">\n\n\t<div id=\"col-363422600\" class=\"col medium-4 small-12 large-4\"  >\n\t\t\t\t<div class=\"col-inner\"  >\n\t\t\t\n\t\t\t\n\t<div class=\"box has-hover   has-hover box-shade dark box-text-bottom\" >\n\n\t\t<div class=\"box-image\" >\n\t\t\t\t\t\t<div class=\"image-zoom\" >\n\t\t\t\t<img loading=\"lazy\" decoding=\"async\" width=\"280\" height=\"278\" src=\"https:\/\/dulich2.viralxmedia.vn\/wp-content\/uploads\/2025\/10\/h5-3.png\" class=\"attachment- size-\" alt=\"\" srcset=\"https:\/\/dulich2.viralxmedia.vn\/wp-content\/uploads\/2025\/10\/h5-3.png 280w, https:\/\/dulich2.viralxmedia.vn\/wp-content\/uploads\/2025\/10\/h5-3-150x150.png 150w, https:\/\/dulich2.viralxmedia.vn\/wp-content\/uploads\/2025\/10\/h5-3-100x100.png 100w\" sizes=\"auto, (max-width: 280px) 100vw, 280px\" \/>\t\t\t\t\t\t\t\t<div class=\"shade\"><\/div>\t\t\t<\/div>\n\t\t\t\t\t<\/div>\n\n\t\t<div class=\"box-text text-left\" >\n\t\t\t<div class=\"box-text-inner\">\n\t\t\t\t\n<div class=\"tour-card\">\n<h3>M\u1ed9c Ch\u00e2u 2 ng\u00e0y 1 \u0111\u00eam<\/h3>\n<p>\ud83d\udccd H\u00e0nh tr\u00ecnh: <span>Cao Nguy\u00ean M\u1ed9c Ch\u00e2u<\/span><\/p>\n<p>\u23f0 Th\u1eddi gian: <span>2 NG\u00c0Y 1 \u0110\u00caM<\/span><\/p>\n<p>\ud83d\udcc5 Ng\u00e0y kh\u1edfi h\u00e0nh: <span>Th\u1ee9 7 h\u00e0ng tu\u1ea7n<\/span><\/p>\n<div class=\"tour-footer\">\n    <span class=\"price\">950.000\u0111<\/span><br \/>\n    <a href=\"http:\/\/dulich2.viralxmedia.vn\/index.php\/product\/moc-chau-2-ngay-1-dem\/\" class=\"btn-detail\">Xem chi ti\u1ebft<\/a>\n  <\/div>\n<\/div>\n\t\t\t<\/div>\n\t\t<\/div>\n\t<\/div>\n\t\n\t\t<\/div>\n\t\t\t\t\t<\/div>\n\n\t\n\n\t<div id=\"col-1767951296\" class=\"col medium-4 small-12 large-4\"  >\n\t\t\t\t<div class=\"col-inner\"  >\n\t\t\t\n\t\t\t\n\t<div class=\"box has-hover   has-hover box-shade dark box-text-bottom\" >\n\n\t\t<div class=\"box-image\" >\n\t\t\t\t\t\t<div class=\"image-zoom\" >\n\t\t\t\t<img loading=\"lazy\" decoding=\"async\" width=\"280\" height=\"278\" src=\"https:\/\/dulich2.viralxmedia.vn\/wp-content\/uploads\/2025\/10\/h5-3.png\" class=\"attachment- size-\" alt=\"\" srcset=\"https:\/\/dulich2.viralxmedia.vn\/wp-content\/uploads\/2025\/10\/h5-3.png 280w, https:\/\/dulich2.viralxmedia.vn\/wp-content\/uploads\/2025\/10\/h5-3-150x150.png 150w, https:\/\/dulich2.viralxmedia.vn\/wp-content\/uploads\/2025\/10\/h5-3-100x100.png 100w\" sizes=\"auto, (max-width: 280px) 100vw, 280px\" \/>\t\t\t\t\t\t\t\t<div class=\"shade\"><\/div>\t\t\t<\/div>\n\t\t\t\t\t<\/div>\n\n\t\t<div class=\"box-text text-left\" >\n\t\t\t<div class=\"box-text-inner\">\n\t\t\t\t\n<div class=\"tour-card\">\n<h3>M\u1ed9c Ch\u00e2u 2 ng\u00e0y 1 \u0111\u00eam<\/h3>\n<p>\ud83d\udccd H\u00e0nh tr\u00ecnh: <span>Cao Nguy\u00ean M\u1ed9c Ch\u00e2u<\/span><\/p>\n<p>\u23f0 Th\u1eddi gian: <span>2 NG\u00c0Y 1 \u0110\u00caM<\/span><\/p>\n<p>\ud83d\udcc5 Ng\u00e0y kh\u1edfi h\u00e0nh: <span>Th\u1ee9 7 h\u00e0ng tu\u1ea7n<\/span><\/p>\n<div class=\"tour-footer\">\n    <span class=\"price\">950.000\u0111<\/span><br \/>\n    <a href=\"http:\/\/dulich2.viralxmedia.vn\/index.php\/product\/moc-chau-2-ngay-1-dem\/\" class=\"btn-detail\">Xem chi ti\u1ebft<\/a>\n  <\/div>\n<\/div>\n\t\t\t<\/div>\n\t\t<\/div>\n\t<\/div>\n\t\n\t\t<\/div>\n\t\t\t\t\t<\/div>\n\n\t\n\n\t<div id=\"col-858673312\" class=\"col medium-4 small-12 large-4\"  >\n\t\t\t\t<div class=\"col-inner\"  >\n\t\t\t\n\t\t\t\n\t<div class=\"box has-hover   has-hover box-shade dark box-text-bottom\" >\n\n\t\t<div class=\"box-image\" >\n\t\t\t\t\t\t<div class=\"image-zoom\" >\n\t\t\t\t<img loading=\"lazy\" decoding=\"async\" width=\"280\" height=\"278\" src=\"https:\/\/dulich2.viralxmedia.vn\/wp-content\/uploads\/2025\/10\/h5-3.png\" class=\"attachment- size-\" alt=\"\" srcset=\"https:\/\/dulich2.viralxmedia.vn\/wp-content\/uploads\/2025\/10\/h5-3.png 280w, https:\/\/dulich2.viralxmedia.vn\/wp-content\/uploads\/2025\/10\/h5-3-150x150.png 150w, https:\/\/dulich2.viralxmedia.vn\/wp-content\/uploads\/2025\/10\/h5-3-100x100.png 100w\" sizes=\"auto, (max-width: 280px) 100vw, 280px\" \/>\t\t\t\t\t\t\t\t<div class=\"shade\"><\/div>\t\t\t<\/div>\n\t\t\t\t\t<\/div>\n\n\t\t<div class=\"box-text text-left\" >\n\t\t\t<div class=\"box-text-inner\">\n\t\t\t\t\n<div class=\"tour-card\">\n<h3>M\u1ed9c Ch\u00e2u 2 ng\u00e0y 1 \u0111\u00eam<\/h3>\n<p>\ud83d\udccd H\u00e0nh tr\u00ecnh: <span>Cao Nguy\u00ean M\u1ed9c Ch\u00e2u<\/span><\/p>\n<p>\u23f0 Th\u1eddi gian: <span>2 NG\u00c0Y 1 \u0110\u00caM<\/span><\/p>\n<p>\ud83d\udcc5 Ng\u00e0y kh\u1edfi h\u00e0nh: <span>Th\u1ee9 7 h\u00e0ng tu\u1ea7n<\/span><\/p>\n<div class=\"tour-footer\">\n    <span class=\"price\">950.000\u0111<\/span><br \/>\n    <a href=\"http:\/\/dulich2.viralxmedia.vn\/index.php\/product\/moc-chau-2-ngay-1-dem\/\" class=\"btn-detail\">Xem chi ti\u1ebft<\/a>\n  <\/div>\n<\/div>\n\t\t\t<\/div>\n\t\t<\/div>\n\t<\/div>\n\t\n\t\t<\/div>\n\t\t\t\t\t<\/div>\n\n\t\n<\/div>\n\t\t<\/div>\n\n\t\t\n<style>\n#section_2052991589 {\n  padding-top: 30px;\n  padding-bottom: 30px;\n}\n<\/style>\n\t<\/section>\n\t\n","protected":false},"excerpt":{"rendered":"","protected":false},"author":1,"featured_media":0,"parent":0,"menu_order":0,"comment_status":"closed","ping_status":"closed","template":"page-blank.php","meta":{"footnotes":""},"class_list":["post-43","page","type-page","status-publish","hentry"],"_links":{"self":[{"href":"https:\/\/dulich2.viralxmedia.vn\/index.php\/wp-json\/wp\/v2\/pages\/43","targetHints":{"allow":["GET"]}}],"collection":[{"href":"https:\/\/dulich2.viralxmedia.vn\/index.php\/wp-json\/wp\/v2\/pages"}],"about":[{"href":"https:\/\/dulich2.viralxmedia.vn\/index.php\/wp-json\/wp\/v2\/types\/page"}],"author":[{"embeddable":true,"href":"https:\/\/dulich2.viralxmedia.vn\/index.php\/wp-json\/wp\/v2\/users\/1"}],"replies":[{"embeddable":true,"href":"https:\/\/dulich2.viralxmedia.vn\/index.php\/wp-json\/wp\/v2\/comments?post=43"}],"version-history":[{"count":3,"href":"https:\/\/dulich2.viralxmedia.vn\/index.php\/wp-json\/wp\/v2\/pages\/43\/revisions"}],"predecessor-version":[{"id":248,"href":"https:\/\/dulich2.viralxmedia.vn\/index.php\/wp-json\/wp\/v2\/pages\/43\/revisions\/248"}],"wp:attachment":[{"href":"https:\/\/dulich2.viralxmedia.vn\/index.php\/wp-json\/wp\/v2\/media?parent=43"}],"curies":[{"name":"wp","href":"https:\/\/api.w.org\/{rel}","templated":true}]}}