{"id":37,"date":"2025-10-24T02:48:14","date_gmt":"2025-10-24T02:48:14","guid":{"rendered":"http:\/\/dulich2.viralxmedia.vn\/?page_id=37"},"modified":"2025-10-25T03:41:06","modified_gmt":"2025-10-25T03:41:06","slug":"quy-nhon","status":"publish","type":"page","link":"https:\/\/dulich2.viralxmedia.vn\/index.php\/quy-nhon\/","title":{"rendered":"Quy Nh\u01a1n"},"content":{"rendered":"\t<section class=\"section\" id=\"section_1103883718\">\n\t\t<div class=\"bg section-bg fill bg-fill  \" >\n\n\t\t\t\n\t\t\t\n\t\t\t\n\n\t\t<\/div>\n\n\t\t\n\n\t\t<div class=\"section-content relative\">\n\t\t\t\n\t<div id=\"text-1339461577\" class=\"text\">\n\t\t\n<p style=\"text-align: center;\"><strong>QUY NH\u01a0N<\/strong><\/p>\n\t\t\n<style>\n#text-1339461577 {\n  font-size: 2.45rem;\n  color: rgb(255,255,255);\n}\n#text-1339461577 > * {\n  color: rgb(255,255,255);\n}\n<\/style>\n\t<\/div>\n\t\n\t\t<\/div>\n\n\t\t\n<style>\n#section_1103883718 {\n  padding-top: 30px;\n  padding-bottom: 30px;\n}\n#section_1103883718 .section-bg.bg-loaded {\n  background-image: url(https:\/\/dulich2.viralxmedia.vn\/wp-content\/uploads\/2025\/10\/bghd-6.jpg);\n}\n<\/style>\n\t<\/section>\n\t\n\t<section class=\"section\" id=\"section_1442783319\">\n\t\t<div class=\"bg section-bg fill bg-fill  bg-loaded\" >\n\n\t\t\t\n\t\t\t\n\t\t\t\n\n\t\t<\/div>\n\n\t\t\n\n\t\t<div class=\"section-content relative\">\n\t\t\t\n<div class=\"row\"  id=\"row-1942569295\">\n\n\t<div id=\"col-777330695\" class=\"col medium-4 small-12 large-4\"  >\n\t\t\t\t<div class=\"col-inner\"  >\n\t\t\t\n\t\t\t\n\t<div class=\"box has-hover   has-hover box-shade dark box-text-bottom\" >\n\n\t\t<div class=\"box-image\" >\n\t\t\t\t\t\t<div class=\"\" >\n\t\t\t\t<img loading=\"lazy\" decoding=\"async\" width=\"280\" height=\"278\" src=\"https:\/\/dulich2.viralxmedia.vn\/wp-content\/uploads\/2025\/10\/h3-1-2.png\" class=\"attachment- size-\" alt=\"\" srcset=\"https:\/\/dulich2.viralxmedia.vn\/wp-content\/uploads\/2025\/10\/h3-1-2.png 280w, https:\/\/dulich2.viralxmedia.vn\/wp-content\/uploads\/2025\/10\/h3-1-2-150x150.png 150w, https:\/\/dulich2.viralxmedia.vn\/wp-content\/uploads\/2025\/10\/h3-1-2-100x100.png 100w\" sizes=\"auto, (max-width: 280px) 100vw, 280px\" \/>\t\t\t\t\t\t\t\t<div class=\"shade\"><\/div>\t\t\t<\/div>\n\t\t\t\t\t<\/div>\n\n\t\t<div class=\"box-text text-center\" >\n\t\t\t<div class=\"box-text-inner\">\n\t\t\t\t\n\t<div id=\"text-2891589607\" class=\"text\">\n\t\t\n<div class=\"tour-card\">\n<h3>M\u1ed9c Ch\u00e2u 2 ng\u00e0y 1 \u0111\u00eam<\/h3>\n<p>\ud83d\udccd H\u00e0nh tr\u00ecnh: <span>Cao Nguy\u00ean M\u1ed9c Ch\u00e2u<\/span><\/p>\n<p>\u23f0 Th\u1eddi gian: <span>2 NG\u00c0Y 1 \u0110\u00caM<\/span><\/p>\n<p>\ud83d\udcc5 Ng\u00e0y kh\u1edfi h\u00e0nh: <span>Th\u1ee9 7 h\u00e0ng tu\u1ea7n<\/span><\/p>\n<div class=\"tour-footer\">\n    <span class=\"price\">950.000\u0111<\/span><br \/>\n    <a href=\"http:\/\/dulich2.viralxmedia.vn\/index.php\/product\/moc-chau-2-ngay-1-dem\/\" class=\"btn-detail\">Xem chi ti\u1ebft<\/a>\n  <\/div>\n<\/div>\n\t\t\n<style>\n#text-2891589607 {\n  text-align: left;\n}\n<\/style>\n\t<\/div>\n\t\n\t\t\t<\/div>\n\t\t<\/div>\n\t<\/div>\n\t\n\t\t<\/div>\n\t\t\t\t\t<\/div>\n\n\t\n\n\t<div id=\"col-388734075\" class=\"col medium-4 small-12 large-4\"  >\n\t\t\t\t<div class=\"col-inner\"  >\n\t\t\t\n\t\t\t\n\t<div class=\"box has-hover   has-hover box-shade dark box-text-bottom\" >\n\n\t\t<div class=\"box-image\" >\n\t\t\t\t\t\t<div class=\"\" >\n\t\t\t\t<img loading=\"lazy\" decoding=\"async\" width=\"280\" height=\"278\" src=\"https:\/\/dulich2.viralxmedia.vn\/wp-content\/uploads\/2025\/10\/h3-1-2.png\" class=\"attachment- size-\" alt=\"\" srcset=\"https:\/\/dulich2.viralxmedia.vn\/wp-content\/uploads\/2025\/10\/h3-1-2.png 280w, https:\/\/dulich2.viralxmedia.vn\/wp-content\/uploads\/2025\/10\/h3-1-2-150x150.png 150w, https:\/\/dulich2.viralxmedia.vn\/wp-content\/uploads\/2025\/10\/h3-1-2-100x100.png 100w\" sizes=\"auto, (max-width: 280px) 100vw, 280px\" \/>\t\t\t\t\t\t\t\t<div class=\"shade\"><\/div>\t\t\t<\/div>\n\t\t\t\t\t<\/div>\n\n\t\t<div class=\"box-text text-center\" >\n\t\t\t<div class=\"box-text-inner\">\n\t\t\t\t\n\t<div id=\"text-1183967087\" class=\"text\">\n\t\t\n<div class=\"tour-card\">\n<h3>M\u1ed9c Ch\u00e2u 2 ng\u00e0y 1 \u0111\u00eam<\/h3>\n<p>\ud83d\udccd H\u00e0nh tr\u00ecnh: <span>Cao Nguy\u00ean M\u1ed9c Ch\u00e2u<\/span><\/p>\n<p>\u23f0 Th\u1eddi gian: <span>2 NG\u00c0Y 1 \u0110\u00caM<\/span><\/p>\n<p>\ud83d\udcc5 Ng\u00e0y kh\u1edfi h\u00e0nh: <span>Th\u1ee9 7 h\u00e0ng tu\u1ea7n<\/span><\/p>\n<div class=\"tour-footer\">\n    <span class=\"price\">950.000\u0111<\/span><br \/>\n    <a href=\"http:\/\/dulich2.viralxmedia.vn\/index.php\/product\/moc-chau-2-ngay-1-dem\/\" class=\"btn-detail\">Xem chi ti\u1ebft<\/a>\n  <\/div>\n<\/div>\n\t\t\n<style>\n#text-1183967087 {\n  text-align: left;\n}\n<\/style>\n\t<\/div>\n\t\n\t\t\t<\/div>\n\t\t<\/div>\n\t<\/div>\n\t\n\t\t<\/div>\n\t\t\t\t\t<\/div>\n\n\t\n\n\t<div id=\"col-386417817\" class=\"col medium-4 small-12 large-4\"  >\n\t\t\t\t<div class=\"col-inner\"  >\n\t\t\t\n\t\t\t\n\t<div class=\"box has-hover   has-hover box-shade dark box-text-bottom\" >\n\n\t\t<div class=\"box-image\" >\n\t\t\t\t\t\t<div class=\"\" >\n\t\t\t\t<img loading=\"lazy\" decoding=\"async\" width=\"280\" height=\"278\" src=\"https:\/\/dulich2.viralxmedia.vn\/wp-content\/uploads\/2025\/10\/h3-1-2.png\" class=\"attachment- size-\" alt=\"\" srcset=\"https:\/\/dulich2.viralxmedia.vn\/wp-content\/uploads\/2025\/10\/h3-1-2.png 280w, https:\/\/dulich2.viralxmedia.vn\/wp-content\/uploads\/2025\/10\/h3-1-2-150x150.png 150w, https:\/\/dulich2.viralxmedia.vn\/wp-content\/uploads\/2025\/10\/h3-1-2-100x100.png 100w\" sizes=\"auto, (max-width: 280px) 100vw, 280px\" \/>\t\t\t\t\t\t\t\t<div class=\"shade\"><\/div>\t\t\t<\/div>\n\t\t\t\t\t<\/div>\n\n\t\t<div class=\"box-text text-center\" >\n\t\t\t<div class=\"box-text-inner\">\n\t\t\t\t\n\t<div id=\"text-270695382\" class=\"text\">\n\t\t\n<div class=\"tour-card\">\n<h3>M\u1ed9c Ch\u00e2u 2 ng\u00e0y 1 \u0111\u00eam<\/h3>\n<p>\ud83d\udccd H\u00e0nh tr\u00ecnh: <span>Cao Nguy\u00ean M\u1ed9c Ch\u00e2u<\/span><\/p>\n<p>\u23f0 Th\u1eddi gian: <span>2 NG\u00c0Y 1 \u0110\u00caM<\/span><\/p>\n<p>\ud83d\udcc5 Ng\u00e0y kh\u1edfi h\u00e0nh: <span>Th\u1ee9 7 h\u00e0ng tu\u1ea7n<\/span><\/p>\n<div class=\"tour-footer\">\n    <span class=\"price\">950.000\u0111<\/span><br \/>\n    <a href=\"http:\/\/dulich2.viralxmedia.vn\/index.php\/product\/moc-chau-2-ngay-1-dem\/\" class=\"btn-detail\">Xem chi ti\u1ebft<\/a>\n  <\/div>\n<\/div>\n\t\t\n<style>\n#text-270695382 {\n  text-align: left;\n}\n<\/style>\n\t<\/div>\n\t\n\t\t\t<\/div>\n\t\t<\/div>\n\t<\/div>\n\t\n\t\t<\/div>\n\t\t\t\t\t<\/div>\n\n\t\n<\/div>\n<div class=\"row\"  id=\"row-1975503450\">\n\n\t<div id=\"col-644943110\" class=\"col medium-4 small-12 large-4\"  >\n\t\t\t\t<div class=\"col-inner\"  >\n\t\t\t\n\t\t\t\n\t<div class=\"box has-hover   has-hover box-shade dark box-text-bottom\" >\n\n\t\t<div class=\"box-image\" >\n\t\t\t\t\t\t<div class=\"\" >\n\t\t\t\t<img loading=\"lazy\" decoding=\"async\" width=\"280\" height=\"278\" src=\"https:\/\/dulich2.viralxmedia.vn\/wp-content\/uploads\/2025\/10\/h3-1-2.png\" class=\"attachment- size-\" alt=\"\" srcset=\"https:\/\/dulich2.viralxmedia.vn\/wp-content\/uploads\/2025\/10\/h3-1-2.png 280w, https:\/\/dulich2.viralxmedia.vn\/wp-content\/uploads\/2025\/10\/h3-1-2-150x150.png 150w, https:\/\/dulich2.viralxmedia.vn\/wp-content\/uploads\/2025\/10\/h3-1-2-100x100.png 100w\" sizes=\"auto, (max-width: 280px) 100vw, 280px\" \/>\t\t\t\t\t\t\t\t<div class=\"shade\"><\/div>\t\t\t<\/div>\n\t\t\t\t\t<\/div>\n\n\t\t<div class=\"box-text text-center\" >\n\t\t\t<div class=\"box-text-inner\">\n\t\t\t\t\n\t<div id=\"text-1109859552\" class=\"text\">\n\t\t\n<div class=\"tour-card\">\n<h3>M\u1ed9c Ch\u00e2u 2 ng\u00e0y 1 \u0111\u00eam<\/h3>\n<p>\ud83d\udccd H\u00e0nh tr\u00ecnh: <span>Cao Nguy\u00ean M\u1ed9c Ch\u00e2u<\/span><\/p>\n<p>\u23f0 Th\u1eddi gian: <span>2 NG\u00c0Y 1 \u0110\u00caM<\/span><\/p>\n<p>\ud83d\udcc5 Ng\u00e0y kh\u1edfi h\u00e0nh: <span>Th\u1ee9 7 h\u00e0ng tu\u1ea7n<\/span><\/p>\n<div class=\"tour-footer\">\n    <span class=\"price\">950.000\u0111<\/span><br \/>\n    <a href=\"http:\/\/dulich2.viralxmedia.vn\/index.php\/product\/moc-chau-2-ngay-1-dem\/\" class=\"btn-detail\">Xem chi ti\u1ebft<\/a>\n  <\/div>\n<\/div>\n\t\t\n<style>\n#text-1109859552 {\n  text-align: left;\n}\n<\/style>\n\t<\/div>\n\t\n\t\t\t<\/div>\n\t\t<\/div>\n\t<\/div>\n\t\n\t\t<\/div>\n\t\t\t\t\t<\/div>\n\n\t\n\n\t<div id=\"col-806774990\" class=\"col medium-4 small-12 large-4\"  >\n\t\t\t\t<div class=\"col-inner\"  >\n\t\t\t\n\t\t\t\n\t<div class=\"box has-hover   has-hover box-shade dark box-text-bottom\" >\n\n\t\t<div class=\"box-image\" >\n\t\t\t\t\t\t<div class=\"\" >\n\t\t\t\t<img loading=\"lazy\" decoding=\"async\" width=\"280\" height=\"278\" src=\"https:\/\/dulich2.viralxmedia.vn\/wp-content\/uploads\/2025\/10\/h3-1-2.png\" class=\"attachment- size-\" alt=\"\" srcset=\"https:\/\/dulich2.viralxmedia.vn\/wp-content\/uploads\/2025\/10\/h3-1-2.png 280w, https:\/\/dulich2.viralxmedia.vn\/wp-content\/uploads\/2025\/10\/h3-1-2-150x150.png 150w, https:\/\/dulich2.viralxmedia.vn\/wp-content\/uploads\/2025\/10\/h3-1-2-100x100.png 100w\" sizes=\"auto, (max-width: 280px) 100vw, 280px\" \/>\t\t\t\t\t\t\t\t<div class=\"shade\"><\/div>\t\t\t<\/div>\n\t\t\t\t\t<\/div>\n\n\t\t<div class=\"box-text text-center\" >\n\t\t\t<div class=\"box-text-inner\">\n\t\t\t\t\n\t<div id=\"text-3479491184\" class=\"text\">\n\t\t\n<div class=\"tour-card\">\n<h3>M\u1ed9c Ch\u00e2u 2 ng\u00e0y 1 \u0111\u00eam<\/h3>\n<p>\ud83d\udccd H\u00e0nh tr\u00ecnh: <span>Cao Nguy\u00ean M\u1ed9c Ch\u00e2u<\/span><\/p>\n<p>\u23f0 Th\u1eddi gian: <span>2 NG\u00c0Y 1 \u0110\u00caM<\/span><\/p>\n<p>\ud83d\udcc5 Ng\u00e0y kh\u1edfi h\u00e0nh: <span>Th\u1ee9 7 h\u00e0ng tu\u1ea7n<\/span><\/p>\n<div class=\"tour-footer\">\n    <span class=\"price\">950.000\u0111<\/span><br \/>\n    <a href=\"http:\/\/dulich2.viralxmedia.vn\/index.php\/product\/moc-chau-2-ngay-1-dem\/\" class=\"btn-detail\">Xem chi ti\u1ebft<\/a>\n  <\/div>\n<\/div>\n\t\t\n<style>\n#text-3479491184 {\n  text-align: left;\n}\n<\/style>\n\t<\/div>\n\t\n\t\t\t<\/div>\n\t\t<\/div>\n\t<\/div>\n\t\n\t\t<\/div>\n\t\t\t\t\t<\/div>\n\n\t\n\n\t<div id=\"col-1107526102\" class=\"col medium-4 small-12 large-4\"  >\n\t\t\t\t<div class=\"col-inner\"  >\n\t\t\t\n\t\t\t\n\t<div class=\"box has-hover   has-hover box-shade dark box-text-bottom\" >\n\n\t\t<div class=\"box-image\" >\n\t\t\t\t\t\t<div class=\"\" >\n\t\t\t\t<img loading=\"lazy\" decoding=\"async\" width=\"280\" height=\"278\" src=\"https:\/\/dulich2.viralxmedia.vn\/wp-content\/uploads\/2025\/10\/h3-1-2.png\" class=\"attachment- size-\" alt=\"\" srcset=\"https:\/\/dulich2.viralxmedia.vn\/wp-content\/uploads\/2025\/10\/h3-1-2.png 280w, https:\/\/dulich2.viralxmedia.vn\/wp-content\/uploads\/2025\/10\/h3-1-2-150x150.png 150w, https:\/\/dulich2.viralxmedia.vn\/wp-content\/uploads\/2025\/10\/h3-1-2-100x100.png 100w\" sizes=\"auto, (max-width: 280px) 100vw, 280px\" \/>\t\t\t\t\t\t\t\t<div class=\"shade\"><\/div>\t\t\t<\/div>\n\t\t\t\t\t<\/div>\n\n\t\t<div class=\"box-text text-center\" >\n\t\t\t<div class=\"box-text-inner\">\n\t\t\t\t\n\t<div id=\"text-3582348754\" class=\"text\">\n\t\t\n<div class=\"tour-card\">\n<h3>M\u1ed9c Ch\u00e2u 2 ng\u00e0y 1 \u0111\u00eam<\/h3>\n<p>\ud83d\udccd H\u00e0nh tr\u00ecnh: <span>Cao Nguy\u00ean M\u1ed9c Ch\u00e2u<\/span><\/p>\n<p>\u23f0 Th\u1eddi gian: <span>2 NG\u00c0Y 1 \u0110\u00caM<\/span><\/p>\n<p>\ud83d\udcc5 Ng\u00e0y kh\u1edfi h\u00e0nh: <span>Th\u1ee9 7 h\u00e0ng tu\u1ea7n<\/span><\/p>\n<div class=\"tour-footer\">\n    <span class=\"price\">950.000\u0111<\/span><br \/>\n    <a href=\"http:\/\/dulich2.viralxmedia.vn\/index.php\/product\/moc-chau-2-ngay-1-dem\/\" class=\"btn-detail\">Xem chi ti\u1ebft<\/a>\n  <\/div>\n<\/div>\n\t\t\n<style>\n#text-3582348754 {\n  text-align: left;\n}\n<\/style>\n\t<\/div>\n\t\n\t\t\t<\/div>\n\t\t<\/div>\n\t<\/div>\n\t\n\t\t<\/div>\n\t\t\t\t\t<\/div>\n\n\t\n<\/div>\n<div class=\"row\"  id=\"row-217006095\">\n\n\t<div id=\"col-902736580\" class=\"col medium-4 small-12 large-4\"  >\n\t\t\t\t<div class=\"col-inner\"  >\n\t\t\t\n\t\t\t\n\t<div class=\"box has-hover   has-hover box-shade dark box-text-bottom\" >\n\n\t\t<div class=\"box-image\" >\n\t\t\t\t\t\t<div class=\"\" >\n\t\t\t\t<img loading=\"lazy\" decoding=\"async\" width=\"280\" height=\"278\" src=\"https:\/\/dulich2.viralxmedia.vn\/wp-content\/uploads\/2025\/10\/h3-1-2.png\" class=\"attachment- size-\" alt=\"\" srcset=\"https:\/\/dulich2.viralxmedia.vn\/wp-content\/uploads\/2025\/10\/h3-1-2.png 280w, https:\/\/dulich2.viralxmedia.vn\/wp-content\/uploads\/2025\/10\/h3-1-2-150x150.png 150w, https:\/\/dulich2.viralxmedia.vn\/wp-content\/uploads\/2025\/10\/h3-1-2-100x100.png 100w\" sizes=\"auto, (max-width: 280px) 100vw, 280px\" \/>\t\t\t\t\t\t\t\t<div class=\"shade\"><\/div>\t\t\t<\/div>\n\t\t\t\t\t<\/div>\n\n\t\t<div class=\"box-text text-center\" >\n\t\t\t<div class=\"box-text-inner\">\n\t\t\t\t\n\t<div id=\"text-2212610143\" class=\"text\">\n\t\t\n<div class=\"tour-card\">\n<h3>M\u1ed9c Ch\u00e2u 2 ng\u00e0y 1 \u0111\u00eam<\/h3>\n<p>\ud83d\udccd H\u00e0nh tr\u00ecnh: <span>Cao Nguy\u00ean M\u1ed9c Ch\u00e2u<\/span><\/p>\n<p>\u23f0 Th\u1eddi gian: <span>2 NG\u00c0Y 1 \u0110\u00caM<\/span><\/p>\n<p>\ud83d\udcc5 Ng\u00e0y kh\u1edfi h\u00e0nh: <span>Th\u1ee9 7 h\u00e0ng tu\u1ea7n<\/span><\/p>\n<div class=\"tour-footer\">\n    <span class=\"price\">950.000\u0111<\/span><br \/>\n    <a href=\"http:\/\/dulich2.viralxmedia.vn\/index.php\/product\/moc-chau-2-ngay-1-dem\/\" class=\"btn-detail\">Xem chi ti\u1ebft<\/a>\n  <\/div>\n<\/div>\n\t\t\n<style>\n#text-2212610143 {\n  text-align: left;\n}\n<\/style>\n\t<\/div>\n\t\n\t\t\t<\/div>\n\t\t<\/div>\n\t<\/div>\n\t\n\t\t<\/div>\n\t\t\t\t\t<\/div>\n\n\t\n\n\t<div id=\"col-1164637847\" class=\"col medium-4 small-12 large-4\"  >\n\t\t\t\t<div class=\"col-inner\"  >\n\t\t\t\n\t\t\t\n\t<div class=\"box has-hover   has-hover box-shade dark box-text-bottom\" >\n\n\t\t<div class=\"box-image\" >\n\t\t\t\t\t\t<div class=\"\" >\n\t\t\t\t<img loading=\"lazy\" decoding=\"async\" width=\"280\" height=\"278\" src=\"https:\/\/dulich2.viralxmedia.vn\/wp-content\/uploads\/2025\/10\/h3-1-2.png\" class=\"attachment- size-\" alt=\"\" srcset=\"https:\/\/dulich2.viralxmedia.vn\/wp-content\/uploads\/2025\/10\/h3-1-2.png 280w, https:\/\/dulich2.viralxmedia.vn\/wp-content\/uploads\/2025\/10\/h3-1-2-150x150.png 150w, https:\/\/dulich2.viralxmedia.vn\/wp-content\/uploads\/2025\/10\/h3-1-2-100x100.png 100w\" sizes=\"auto, (max-width: 280px) 100vw, 280px\" \/>\t\t\t\t\t\t\t\t<div class=\"shade\"><\/div>\t\t\t<\/div>\n\t\t\t\t\t<\/div>\n\n\t\t<div class=\"box-text text-center\" >\n\t\t\t<div class=\"box-text-inner\">\n\t\t\t\t\n\t<div id=\"text-245508291\" class=\"text\">\n\t\t\n<div class=\"tour-card\">\n<h3>M\u1ed9c Ch\u00e2u 2 ng\u00e0y 1 \u0111\u00eam<\/h3>\n<p>\ud83d\udccd H\u00e0nh tr\u00ecnh: <span>Cao Nguy\u00ean M\u1ed9c Ch\u00e2u<\/span><\/p>\n<p>\u23f0 Th\u1eddi gian: <span>2 NG\u00c0Y 1 \u0110\u00caM<\/span><\/p>\n<p>\ud83d\udcc5 Ng\u00e0y kh\u1edfi h\u00e0nh: <span>Th\u1ee9 7 h\u00e0ng tu\u1ea7n<\/span><\/p>\n<div class=\"tour-footer\">\n    <span class=\"price\">950.000\u0111<\/span><br \/>\n    <a href=\"http:\/\/dulich2.viralxmedia.vn\/index.php\/product\/moc-chau-2-ngay-1-dem\/\" class=\"btn-detail\">Xem chi ti\u1ebft<\/a>\n  <\/div>\n<\/div>\n\t\t\n<style>\n#text-245508291 {\n  text-align: left;\n}\n<\/style>\n\t<\/div>\n\t\n\t\t\t<\/div>\n\t\t<\/div>\n\t<\/div>\n\t\n\t\t<\/div>\n\t\t\t\t\t<\/div>\n\n\t\n\n\t<div id=\"col-1951169975\" class=\"col medium-4 small-12 large-4\"  >\n\t\t\t\t<div class=\"col-inner\"  >\n\t\t\t\n\t\t\t\n\t<div class=\"box has-hover   has-hover box-shade dark box-text-bottom\" >\n\n\t\t<div class=\"box-image\" >\n\t\t\t\t\t\t<div class=\"\" >\n\t\t\t\t<img loading=\"lazy\" decoding=\"async\" width=\"280\" height=\"278\" src=\"https:\/\/dulich2.viralxmedia.vn\/wp-content\/uploads\/2025\/10\/h3-1-2.png\" class=\"attachment- size-\" alt=\"\" srcset=\"https:\/\/dulich2.viralxmedia.vn\/wp-content\/uploads\/2025\/10\/h3-1-2.png 280w, https:\/\/dulich2.viralxmedia.vn\/wp-content\/uploads\/2025\/10\/h3-1-2-150x150.png 150w, https:\/\/dulich2.viralxmedia.vn\/wp-content\/uploads\/2025\/10\/h3-1-2-100x100.png 100w\" sizes=\"auto, (max-width: 280px) 100vw, 280px\" \/>\t\t\t\t\t\t\t\t<div class=\"shade\"><\/div>\t\t\t<\/div>\n\t\t\t\t\t<\/div>\n\n\t\t<div class=\"box-text text-center\" >\n\t\t\t<div class=\"box-text-inner\">\n\t\t\t\t\n\t<div id=\"text-2796861317\" class=\"text\">\n\t\t\n<div class=\"tour-card\">\n<h3>M\u1ed9c Ch\u00e2u 2 ng\u00e0y 1 \u0111\u00eam<\/h3>\n<p>\ud83d\udccd H\u00e0nh tr\u00ecnh: <span>Cao Nguy\u00ean M\u1ed9c Ch\u00e2u<\/span><\/p>\n<p>\u23f0 Th\u1eddi gian: <span>2 NG\u00c0Y 1 \u0110\u00caM<\/span><\/p>\n<p>\ud83d\udcc5 Ng\u00e0y kh\u1edfi h\u00e0nh: <span>Th\u1ee9 7 h\u00e0ng tu\u1ea7n<\/span><\/p>\n<div class=\"tour-footer\">\n    <span class=\"price\">950.000\u0111<\/span><br \/>\n    <a href=\"http:\/\/dulich2.viralxmedia.vn\/index.php\/product\/moc-chau-2-ngay-1-dem\/\" class=\"btn-detail\">Xem chi ti\u1ebft<\/a>\n  <\/div>\n<\/div>\n\t\t\n<style>\n#text-2796861317 {\n  text-align: left;\n}\n<\/style>\n\t<\/div>\n\t\n\t\t\t<\/div>\n\t\t<\/div>\n\t<\/div>\n\t\n\t\t<\/div>\n\t\t\t\t\t<\/div>\n\n\t\n<\/div>\n<div class=\"row\"  id=\"row-1362818650\">\n\n\t<div id=\"col-1555975362\" class=\"col medium-4 small-12 large-4\"  >\n\t\t\t\t<div class=\"col-inner\"  >\n\t\t\t\n\t\t\t\n\t<div class=\"box has-hover   has-hover box-shade dark box-text-bottom\" >\n\n\t\t<div class=\"box-image\" >\n\t\t\t\t\t\t<div class=\"\" >\n\t\t\t\t<img loading=\"lazy\" decoding=\"async\" width=\"280\" height=\"278\" src=\"https:\/\/dulich2.viralxmedia.vn\/wp-content\/uploads\/2025\/10\/h3-1-2.png\" class=\"attachment- size-\" alt=\"\" srcset=\"https:\/\/dulich2.viralxmedia.vn\/wp-content\/uploads\/2025\/10\/h3-1-2.png 280w, https:\/\/dulich2.viralxmedia.vn\/wp-content\/uploads\/2025\/10\/h3-1-2-150x150.png 150w, https:\/\/dulich2.viralxmedia.vn\/wp-content\/uploads\/2025\/10\/h3-1-2-100x100.png 100w\" sizes=\"auto, (max-width: 280px) 100vw, 280px\" \/>\t\t\t\t\t\t\t\t<div class=\"shade\"><\/div>\t\t\t<\/div>\n\t\t\t\t\t<\/div>\n\n\t\t<div class=\"box-text text-center\" >\n\t\t\t<div class=\"box-text-inner\">\n\t\t\t\t\n\t<div id=\"text-548235885\" class=\"text\">\n\t\t\n<div class=\"tour-card\">\n<h3>M\u1ed9c Ch\u00e2u 2 ng\u00e0y 1 \u0111\u00eam<\/h3>\n<p>\ud83d\udccd H\u00e0nh tr\u00ecnh: <span>Cao Nguy\u00ean M\u1ed9c Ch\u00e2u<\/span><\/p>\n<p>\u23f0 Th\u1eddi gian: <span>2 NG\u00c0Y 1 \u0110\u00caM<\/span><\/p>\n<p>\ud83d\udcc5 Ng\u00e0y kh\u1edfi h\u00e0nh: <span>Th\u1ee9 7 h\u00e0ng tu\u1ea7n<\/span><\/p>\n<div class=\"tour-footer\">\n    <span class=\"price\">950.000\u0111<\/span><br \/>\n    <a href=\"http:\/\/dulich2.viralxmedia.vn\/index.php\/product\/moc-chau-2-ngay-1-dem\/\" class=\"btn-detail\">Xem chi ti\u1ebft<\/a>\n  <\/div>\n<\/div>\n\t\t\n<style>\n#text-548235885 {\n  text-align: left;\n}\n<\/style>\n\t<\/div>\n\t\n\t\t\t<\/div>\n\t\t<\/div>\n\t<\/div>\n\t\n\t\t<\/div>\n\t\t\t\t\t<\/div>\n\n\t\n\n\t<div id=\"col-1305017847\" class=\"col medium-4 small-12 large-4\"  >\n\t\t\t\t<div class=\"col-inner\"  >\n\t\t\t\n\t\t\t\n\t<div class=\"box has-hover   has-hover box-shade dark box-text-bottom\" >\n\n\t\t<div class=\"box-image\" >\n\t\t\t\t\t\t<div class=\"\" >\n\t\t\t\t<img loading=\"lazy\" decoding=\"async\" width=\"280\" height=\"278\" src=\"https:\/\/dulich2.viralxmedia.vn\/wp-content\/uploads\/2025\/10\/h3-1-2.png\" class=\"attachment- size-\" alt=\"\" srcset=\"https:\/\/dulich2.viralxmedia.vn\/wp-content\/uploads\/2025\/10\/h3-1-2.png 280w, https:\/\/dulich2.viralxmedia.vn\/wp-content\/uploads\/2025\/10\/h3-1-2-150x150.png 150w, https:\/\/dulich2.viralxmedia.vn\/wp-content\/uploads\/2025\/10\/h3-1-2-100x100.png 100w\" sizes=\"auto, (max-width: 280px) 100vw, 280px\" \/>\t\t\t\t\t\t\t\t<div class=\"shade\"><\/div>\t\t\t<\/div>\n\t\t\t\t\t<\/div>\n\n\t\t<div class=\"box-text text-center\" >\n\t\t\t<div class=\"box-text-inner\">\n\t\t\t\t\n\t<div id=\"text-2880777621\" class=\"text\">\n\t\t\n<div class=\"tour-card\">\n<h3>M\u1ed9c Ch\u00e2u 2 ng\u00e0y 1 \u0111\u00eam<\/h3>\n<p>\ud83d\udccd H\u00e0nh tr\u00ecnh: <span>Cao Nguy\u00ean M\u1ed9c Ch\u00e2u<\/span><\/p>\n<p>\u23f0 Th\u1eddi gian: <span>2 NG\u00c0Y 1 \u0110\u00caM<\/span><\/p>\n<p>\ud83d\udcc5 Ng\u00e0y kh\u1edfi h\u00e0nh: <span>Th\u1ee9 7 h\u00e0ng tu\u1ea7n<\/span><\/p>\n<div class=\"tour-footer\">\n    <span class=\"price\">950.000\u0111<\/span><br \/>\n    <a href=\"http:\/\/dulich2.viralxmedia.vn\/index.php\/product\/moc-chau-2-ngay-1-dem\/\" class=\"btn-detail\">Xem chi ti\u1ebft<\/a>\n  <\/div>\n<\/div>\n\t\t\n<style>\n#text-2880777621 {\n  text-align: left;\n}\n<\/style>\n\t<\/div>\n\t\n\t\t\t<\/div>\n\t\t<\/div>\n\t<\/div>\n\t\n\t\t<\/div>\n\t\t\t\t\t<\/div>\n\n\t\n\n\t<div id=\"col-1868189409\" class=\"col medium-4 small-12 large-4\"  >\n\t\t\t\t<div class=\"col-inner\"  >\n\t\t\t\n\t\t\t\n\t<div class=\"box has-hover   has-hover box-shade dark box-text-bottom\" >\n\n\t\t<div class=\"box-image\" >\n\t\t\t\t\t\t<div class=\"\" >\n\t\t\t\t<img loading=\"lazy\" decoding=\"async\" width=\"280\" height=\"278\" src=\"https:\/\/dulich2.viralxmedia.vn\/wp-content\/uploads\/2025\/10\/h3-1-2.png\" class=\"attachment- size-\" alt=\"\" srcset=\"https:\/\/dulich2.viralxmedia.vn\/wp-content\/uploads\/2025\/10\/h3-1-2.png 280w, https:\/\/dulich2.viralxmedia.vn\/wp-content\/uploads\/2025\/10\/h3-1-2-150x150.png 150w, https:\/\/dulich2.viralxmedia.vn\/wp-content\/uploads\/2025\/10\/h3-1-2-100x100.png 100w\" sizes=\"auto, (max-width: 280px) 100vw, 280px\" \/>\t\t\t\t\t\t\t\t<div class=\"shade\"><\/div>\t\t\t<\/div>\n\t\t\t\t\t<\/div>\n\n\t\t<div class=\"box-text text-center\" >\n\t\t\t<div class=\"box-text-inner\">\n\t\t\t\t\n\t<div id=\"text-934977598\" class=\"text\">\n\t\t\n<div class=\"tour-card\">\n<h3>M\u1ed9c Ch\u00e2u 2 ng\u00e0y 1 \u0111\u00eam<\/h3>\n<p>\ud83d\udccd H\u00e0nh tr\u00ecnh: <span>Cao Nguy\u00ean M\u1ed9c Ch\u00e2u<\/span><\/p>\n<p>\u23f0 Th\u1eddi gian: <span>2 NG\u00c0Y 1 \u0110\u00caM<\/span><\/p>\n<p>\ud83d\udcc5 Ng\u00e0y kh\u1edfi h\u00e0nh: <span>Th\u1ee9 7 h\u00e0ng tu\u1ea7n<\/span><\/p>\n<div class=\"tour-footer\">\n    <span class=\"price\">950.000\u0111<\/span><br \/>\n    <a href=\"http:\/\/dulich2.viralxmedia.vn\/index.php\/product\/moc-chau-2-ngay-1-dem\/\" class=\"btn-detail\">Xem chi ti\u1ebft<\/a>\n  <\/div>\n<\/div>\n\t\t\n<style>\n#text-934977598 {\n  text-align: left;\n}\n<\/style>\n\t<\/div>\n\t\n\t\t\t<\/div>\n\t\t<\/div>\n\t<\/div>\n\t\n\t\t<\/div>\n\t\t\t\t\t<\/div>\n\n\t\n<\/div>\n\t\t<\/div>\n\n\t\t\n<style>\n#section_1442783319 {\n  padding-top: 30px;\n  padding-bottom: 30px;\n}\n<\/style>\n\t<\/section>\n\t\n","protected":false},"excerpt":{"rendered":"","protected":false},"author":1,"featured_media":0,"parent":0,"menu_order":0,"comment_status":"closed","ping_status":"closed","template":"page-blank.php","meta":{"footnotes":""},"class_list":["post-37","page","type-page","status-publish","hentry"],"_links":{"self":[{"href":"https:\/\/dulich2.viralxmedia.vn\/index.php\/wp-json\/wp\/v2\/pages\/37","targetHints":{"allow":["GET"]}}],"collection":[{"href":"https:\/\/dulich2.viralxmedia.vn\/index.php\/wp-json\/wp\/v2\/pages"}],"about":[{"href":"https:\/\/dulich2.viralxmedia.vn\/index.php\/wp-json\/wp\/v2\/types\/page"}],"author":[{"embeddable":true,"href":"https:\/\/dulich2.viralxmedia.vn\/index.php\/wp-json\/wp\/v2\/users\/1"}],"replies":[{"embeddable":true,"href":"https:\/\/dulich2.viralxmedia.vn\/index.php\/wp-json\/wp\/v2\/comments?post=37"}],"version-history":[{"count":3,"href":"https:\/\/dulich2.viralxmedia.vn\/index.php\/wp-json\/wp\/v2\/pages\/37\/revisions"}],"predecessor-version":[{"id":245,"href":"https:\/\/dulich2.viralxmedia.vn\/index.php\/wp-json\/wp\/v2\/pages\/37\/revisions\/245"}],"wp:attachment":[{"href":"https:\/\/dulich2.viralxmedia.vn\/index.php\/wp-json\/wp\/v2\/media?parent=37"}],"curies":[{"name":"wp","href":"https:\/\/api.w.org\/{rel}","templated":true}]}}