{"id":29,"date":"2025-10-24T02:47:00","date_gmt":"2025-10-24T02:47:00","guid":{"rendered":"http:\/\/dulich2.viralxmedia.vn\/?page_id=29"},"modified":"2025-10-25T03:35:48","modified_gmt":"2025-10-25T03:35:48","slug":"co-to","status":"publish","type":"page","link":"https:\/\/dulich2.viralxmedia.vn\/index.php\/co-to\/","title":{"rendered":"C\u00f4 t\u00f4"},"content":{"rendered":"\t<section class=\"section\" id=\"section_2016238036\">\n\t\t<div class=\"bg section-bg fill bg-fill  \" >\n\n\t\t\t\n\t\t\t\n\t\t\t\n\n\t\t<\/div>\n\n\t\t\n\n\t\t<div class=\"section-content relative\">\n\t\t\t\n\t<div id=\"gap-820225818\" class=\"gap-element clearfix\" style=\"display:block; height:auto;\">\n\t\t\n<style>\n#gap-820225818 {\n  padding-top: 30px;\n}\n<\/style>\n\t<\/div>\n\t\n\t<div id=\"text-1114325245\" class=\"text\">\n\t\t\n<h1 style=\"text-align: center;\"><strong>C\u00d4 T\u00d4<\/strong><\/h1>\n\t\t\n<style>\n#text-1114325245 {\n  color: rgb(255,255,255);\n}\n#text-1114325245 > * {\n  color: rgb(255,255,255);\n}\n<\/style>\n\t<\/div>\n\t\n\t<div id=\"gap-365425898\" class=\"gap-element clearfix\" style=\"display:block; height:auto;\">\n\t\t\n<style>\n#gap-365425898 {\n  padding-top: 30px;\n}\n<\/style>\n\t<\/div>\n\t\n\t\t<\/div>\n\n\t\t\n<style>\n#section_2016238036 {\n  padding-top: 30px;\n  padding-bottom: 30px;\n}\n#section_2016238036 .section-bg.bg-loaded {\n  background-image: url(https:\/\/dulich2.viralxmedia.vn\/wp-content\/uploads\/2025\/10\/bghd-3.jpg);\n}\n<\/style>\n\t<\/section>\n\t\n\t<section class=\"section\" id=\"section_617885333\">\n\t\t<div class=\"bg section-bg fill bg-fill  bg-loaded\" >\n\n\t\t\t\n\t\t\t\n\t\t\t\n\n\t\t<\/div>\n\n\t\t\n\n\t\t<div class=\"section-content relative\">\n\t\t\t\n<div class=\"row\"  id=\"row-1261296311\">\n\n\t<div id=\"col-726145310\" class=\"col medium-4 small-12 large-4\"  >\n\t\t\t\t<div class=\"col-inner\"  >\n\t\t\t\n\t\t\t\n\t<div class=\"box has-hover   has-hover box-shade dark box-text-bottom\" >\n\n\t\t<div class=\"box-image\" >\n\t\t\t\t\t\t<div class=\"image-zoom\" >\n\t\t\t\t<img loading=\"lazy\" decoding=\"async\" width=\"280\" height=\"278\" src=\"https:\/\/dulich2.viralxmedia.vn\/wp-content\/uploads\/2025\/10\/h3-2.png\" class=\"attachment- size-\" alt=\"\" srcset=\"https:\/\/dulich2.viralxmedia.vn\/wp-content\/uploads\/2025\/10\/h3-2.png 280w, https:\/\/dulich2.viralxmedia.vn\/wp-content\/uploads\/2025\/10\/h3-2-150x150.png 150w, https:\/\/dulich2.viralxmedia.vn\/wp-content\/uploads\/2025\/10\/h3-2-100x100.png 100w\" sizes=\"auto, (max-width: 280px) 100vw, 280px\" \/>\t\t\t\t\t\t\t\t<div class=\"shade\"><\/div>\t\t\t<\/div>\n\t\t\t\t\t<\/div>\n\n\t\t<div class=\"box-text text-center\" >\n\t\t\t<div class=\"box-text-inner\">\n\t\t\t\t\n\t<div id=\"text-906967016\" class=\"text\">\n\t\t\n<div class=\"tour-card\">\n<h3>M\u1ed9c Ch\u00e2u 2 ng\u00e0y 1 \u0111\u00eam<\/h3>\n<p>\ud83d\udccd H\u00e0nh tr\u00ecnh: Cao Nguy\u00ean M\u1ed9c Ch\u00e2u<\/p>\n<p>\u23f0 Th\u1eddi gian: 2 NG\u00c0Y 1 \u0110\u00caM<\/p>\n<p>\ud83d\udcc5 Ng\u00e0y kh\u1edfi h\u00e0nh: Th\u1ee9 7 h\u00e0ng tu\u1ea7n<\/p>\n<div class=\"tour-footer\"><span style=\"color: #ff0000;\"><strong><span class=\"price\">950.000\u0111<\/span><\/strong><\/span><br \/><a class=\"btn-detail\" href=\"http:\/\/dulich2.viralxmedia.vn\/index.php\/product\/moc-chau-2-ngay-1-dem\/\">Xem chi ti\u1ebft<\/a><\/div>\n<\/div>\n\t\t\n<style>\n#text-906967016 {\n  text-align: left;\n}\n<\/style>\n\t<\/div>\n\t\n\t\t\t<\/div>\n\t\t<\/div>\n\t<\/div>\n\t\n\t\t<\/div>\n\t\t\t\t\t<\/div>\n\n\t\n\n\t<div id=\"col-1871487777\" class=\"col medium-4 small-12 large-4\"  >\n\t\t\t\t<div class=\"col-inner\"  >\n\t\t\t\n\t\t\t\n\t<div class=\"box has-hover   has-hover box-shade dark box-text-bottom\" >\n\n\t\t<div class=\"box-image\" >\n\t\t\t\t\t\t<div class=\"image-zoom\" >\n\t\t\t\t<img loading=\"lazy\" decoding=\"async\" width=\"280\" height=\"278\" src=\"https:\/\/dulich2.viralxmedia.vn\/wp-content\/uploads\/2025\/10\/h2-3.png\" class=\"attachment- size-\" alt=\"\" srcset=\"https:\/\/dulich2.viralxmedia.vn\/wp-content\/uploads\/2025\/10\/h2-3.png 280w, https:\/\/dulich2.viralxmedia.vn\/wp-content\/uploads\/2025\/10\/h2-3-150x150.png 150w, https:\/\/dulich2.viralxmedia.vn\/wp-content\/uploads\/2025\/10\/h2-3-100x100.png 100w\" sizes=\"auto, (max-width: 280px) 100vw, 280px\" \/>\t\t\t\t\t\t\t\t<div class=\"shade\"><\/div>\t\t\t<\/div>\n\t\t\t\t\t<\/div>\n\n\t\t<div class=\"box-text text-center\" >\n\t\t\t<div class=\"box-text-inner\">\n\t\t\t\t\n\t<div id=\"text-3438171561\" class=\"text\">\n\t\t\n<div class=\"tour-card\">\n<h3>M\u1ed9c Ch\u00e2u 2 ng\u00e0y 1 \u0111\u00eam<\/h3>\n<p>\ud83d\udccd H\u00e0nh tr\u00ecnh: Cao Nguy\u00ean M\u1ed9c Ch\u00e2u<\/p>\n<p>\u23f0 Th\u1eddi gian: 2 NG\u00c0Y 1 \u0110\u00caM<\/p>\n<p>\ud83d\udcc5 Ng\u00e0y kh\u1edfi h\u00e0nh: Th\u1ee9 7 h\u00e0ng tu\u1ea7n<\/p>\n<div class=\"tour-footer\"><span style=\"color: #ff0000;\"><strong><span class=\"price\">950.000\u0111<\/span><\/strong><\/span><br \/><a class=\"btn-detail\" href=\"http:\/\/dulich2.viralxmedia.vn\/index.php\/product\/moc-chau-2-ngay-1-dem\/\">Xem chi ti\u1ebft<\/a><\/div>\n<\/div>\n\t\t\n<style>\n#text-3438171561 {\n  text-align: left;\n}\n<\/style>\n\t<\/div>\n\t\n\t\t\t<\/div>\n\t\t<\/div>\n\t<\/div>\n\t\n\t\t<\/div>\n\t\t\t\t\t<\/div>\n\n\t\n\n\t<div id=\"col-614991967\" class=\"col medium-4 small-12 large-4\"  >\n\t\t\t\t<div class=\"col-inner\"  >\n\t\t\t\n\t\t\t\n\t<div class=\"box has-hover   has-hover box-shade dark box-text-bottom\" >\n\n\t\t<div class=\"box-image\" >\n\t\t\t\t\t\t<div class=\"image-zoom\" >\n\t\t\t\t<img loading=\"lazy\" decoding=\"async\" width=\"280\" height=\"278\" src=\"https:\/\/dulich2.viralxmedia.vn\/wp-content\/uploads\/2025\/10\/h4-2.png\" class=\"attachment- size-\" alt=\"\" srcset=\"https:\/\/dulich2.viralxmedia.vn\/wp-content\/uploads\/2025\/10\/h4-2.png 280w, https:\/\/dulich2.viralxmedia.vn\/wp-content\/uploads\/2025\/10\/h4-2-150x150.png 150w, https:\/\/dulich2.viralxmedia.vn\/wp-content\/uploads\/2025\/10\/h4-2-100x100.png 100w\" sizes=\"auto, (max-width: 280px) 100vw, 280px\" \/>\t\t\t\t\t\t\t\t<div class=\"shade\"><\/div>\t\t\t<\/div>\n\t\t\t\t\t<\/div>\n\n\t\t<div class=\"box-text text-center\" >\n\t\t\t<div class=\"box-text-inner\">\n\t\t\t\t\n\t<div id=\"text-1638006911\" class=\"text\">\n\t\t\n<div class=\"tour-card\">\n<h3>M\u1ed9c Ch\u00e2u 2 ng\u00e0y 1 \u0111\u00eam<\/h3>\n<p>\ud83d\udccd H\u00e0nh tr\u00ecnh: Cao Nguy\u00ean M\u1ed9c Ch\u00e2u<\/p>\n<p>\u23f0 Th\u1eddi gian: 2 NG\u00c0Y 1 \u0110\u00caM<\/p>\n<p>\ud83d\udcc5 Ng\u00e0y kh\u1edfi h\u00e0nh: Th\u1ee9 7 h\u00e0ng tu\u1ea7n<\/p>\n<div class=\"tour-footer\"><span style=\"color: #ff0000;\"><strong><span class=\"price\">950.000\u0111<\/span><\/strong><\/span><br \/><a class=\"btn-detail\" href=\"http:\/\/dulich2.viralxmedia.vn\/index.php\/product\/moc-chau-2-ngay-1-dem\/\">Xem chi ti\u1ebft<\/a><\/div>\n<\/div>\n\t\t\n<style>\n#text-1638006911 {\n  text-align: left;\n}\n<\/style>\n\t<\/div>\n\t\n\t\t\t<\/div>\n\t\t<\/div>\n\t<\/div>\n\t\n\t\t<\/div>\n\t\t\t\t\t<\/div>\n\n\t\n<\/div>\n<div class=\"row\"  id=\"row-1611053436\">\n\n\t<div id=\"col-785880431\" class=\"col medium-4 small-12 large-4\"  >\n\t\t\t\t<div class=\"col-inner\"  >\n\t\t\t\n\t\t\t\n\t<div class=\"box has-hover   has-hover box-shade dark box-text-bottom\" >\n\n\t\t<div class=\"box-image\" >\n\t\t\t\t\t\t<div class=\"image-zoom\" >\n\t\t\t\t<img loading=\"lazy\" decoding=\"async\" width=\"280\" height=\"278\" src=\"https:\/\/dulich2.viralxmedia.vn\/wp-content\/uploads\/2025\/10\/h2-4.png\" class=\"attachment- size-\" alt=\"\" srcset=\"https:\/\/dulich2.viralxmedia.vn\/wp-content\/uploads\/2025\/10\/h2-4.png 280w, https:\/\/dulich2.viralxmedia.vn\/wp-content\/uploads\/2025\/10\/h2-4-150x150.png 150w, https:\/\/dulich2.viralxmedia.vn\/wp-content\/uploads\/2025\/10\/h2-4-100x100.png 100w\" sizes=\"auto, (max-width: 280px) 100vw, 280px\" \/>\t\t\t\t\t\t\t\t<div class=\"shade\"><\/div>\t\t\t<\/div>\n\t\t\t\t\t<\/div>\n\n\t\t<div class=\"box-text text-center\" >\n\t\t\t<div class=\"box-text-inner\">\n\t\t\t\t\n\t<div id=\"text-4040888517\" class=\"text\">\n\t\t\n<div class=\"tour-card\">\n<h3>M\u1ed9c Ch\u00e2u 2 ng\u00e0y 1 \u0111\u00eam<\/h3>\n<p>\ud83d\udccd H\u00e0nh tr\u00ecnh: Cao Nguy\u00ean M\u1ed9c Ch\u00e2u<\/p>\n<p>\u23f0 Th\u1eddi gian: 2 NG\u00c0Y 1 \u0110\u00caM<\/p>\n<p>\ud83d\udcc5 Ng\u00e0y kh\u1edfi h\u00e0nh: Th\u1ee9 7 h\u00e0ng tu\u1ea7n<\/p>\n<div class=\"tour-footer\"><span style=\"color: #ff0000;\"><strong><span class=\"price\">950.000\u0111<\/span><\/strong><\/span><br \/><a class=\"btn-detail\" href=\"http:\/\/dulich2.viralxmedia.vn\/index.php\/product\/moc-chau-2-ngay-1-dem\/\">Xem chi ti\u1ebft<\/a><\/div>\n<\/div>\n\t\t\n<style>\n#text-4040888517 {\n  text-align: left;\n}\n<\/style>\n\t<\/div>\n\t\n\t\t\t<\/div>\n\t\t<\/div>\n\t<\/div>\n\t\n\t\t<\/div>\n\t\t\t\t\t<\/div>\n\n\t\n\n\t<div id=\"col-2024251106\" class=\"col medium-4 small-12 large-4\"  >\n\t\t\t\t<div class=\"col-inner\"  >\n\t\t\t\n\t\t\t\n\t<div class=\"box has-hover   has-hover box-shade dark box-text-bottom\" >\n\n\t\t<div class=\"box-image\" >\n\t\t\t\t\t\t<div class=\"image-zoom\" >\n\t\t\t\t<img loading=\"lazy\" decoding=\"async\" width=\"280\" height=\"278\" src=\"https:\/\/dulich2.viralxmedia.vn\/wp-content\/uploads\/2025\/10\/h1-2.png\" class=\"attachment- size-\" alt=\"\" srcset=\"https:\/\/dulich2.viralxmedia.vn\/wp-content\/uploads\/2025\/10\/h1-2.png 280w, https:\/\/dulich2.viralxmedia.vn\/wp-content\/uploads\/2025\/10\/h1-2-150x150.png 150w, https:\/\/dulich2.viralxmedia.vn\/wp-content\/uploads\/2025\/10\/h1-2-100x100.png 100w\" sizes=\"auto, (max-width: 280px) 100vw, 280px\" \/>\t\t\t\t\t\t\t\t<div class=\"shade\"><\/div>\t\t\t<\/div>\n\t\t\t\t\t<\/div>\n\n\t\t<div class=\"box-text text-center\" >\n\t\t\t<div class=\"box-text-inner\">\n\t\t\t\t\n\t<div id=\"text-1530146787\" class=\"text\">\n\t\t\n<div class=\"tour-card\">\n<h3>M\u1ed9c Ch\u00e2u 2 ng\u00e0y 1 \u0111\u00eam<\/h3>\n<p>\ud83d\udccd H\u00e0nh tr\u00ecnh: Cao Nguy\u00ean M\u1ed9c Ch\u00e2u<\/p>\n<p>\u23f0 Th\u1eddi gian: 2 NG\u00c0Y 1 \u0110\u00caM<\/p>\n<p>\ud83d\udcc5 Ng\u00e0y kh\u1edfi h\u00e0nh: Th\u1ee9 7 h\u00e0ng tu\u1ea7n<\/p>\n<div class=\"tour-footer\"><span style=\"color: #ff0000;\"><strong><span class=\"price\">950.000\u0111<\/span><\/strong><\/span><br \/><a class=\"btn-detail\" href=\"http:\/\/dulich2.viralxmedia.vn\/index.php\/product\/moc-chau-2-ngay-1-dem\/\">Xem chi ti\u1ebft<\/a><\/div>\n<\/div>\n\t\t\n<style>\n#text-1530146787 {\n  text-align: left;\n}\n<\/style>\n\t<\/div>\n\t\n\t\t\t<\/div>\n\t\t<\/div>\n\t<\/div>\n\t\n\t\t<\/div>\n\t\t\t\t\t<\/div>\n\n\t\n\n\t<div id=\"col-1186216863\" class=\"col medium-4 small-12 large-4\"  >\n\t\t\t\t<div class=\"col-inner\"  >\n\t\t\t\n\t\t\t\n\t<div class=\"box has-hover   has-hover box-shade dark box-text-bottom\" >\n\n\t\t<div class=\"box-image\" >\n\t\t\t\t\t\t<div class=\"image-zoom\" >\n\t\t\t\t<img loading=\"lazy\" decoding=\"async\" width=\"280\" height=\"278\" src=\"https:\/\/dulich2.viralxmedia.vn\/wp-content\/uploads\/2025\/10\/h12-1.png\" class=\"attachment- size-\" alt=\"\" srcset=\"https:\/\/dulich2.viralxmedia.vn\/wp-content\/uploads\/2025\/10\/h12-1.png 280w, https:\/\/dulich2.viralxmedia.vn\/wp-content\/uploads\/2025\/10\/h12-1-150x150.png 150w, https:\/\/dulich2.viralxmedia.vn\/wp-content\/uploads\/2025\/10\/h12-1-100x100.png 100w\" sizes=\"auto, (max-width: 280px) 100vw, 280px\" \/>\t\t\t\t\t\t\t\t<div class=\"shade\"><\/div>\t\t\t<\/div>\n\t\t\t\t\t<\/div>\n\n\t\t<div class=\"box-text text-center\" >\n\t\t\t<div class=\"box-text-inner\">\n\t\t\t\t\n\t<div id=\"text-1114437382\" class=\"text\">\n\t\t\n<div class=\"tour-card\">\n<h3>M\u1ed9c Ch\u00e2u 2 ng\u00e0y 1 \u0111\u00eam<\/h3>\n<p>\ud83d\udccd H\u00e0nh tr\u00ecnh: Cao Nguy\u00ean M\u1ed9c Ch\u00e2u<\/p>\n<p>\u23f0 Th\u1eddi gian: 2 NG\u00c0Y 1 \u0110\u00caM<\/p>\n<p>\ud83d\udcc5 Ng\u00e0y kh\u1edfi h\u00e0nh: Th\u1ee9 7 h\u00e0ng tu\u1ea7n<\/p>\n<div class=\"tour-footer\"><span style=\"color: #ff0000;\"><strong><span class=\"price\">950.000\u0111<\/span><\/strong><\/span><br \/><a class=\"btn-detail\" href=\"http:\/\/dulich2.viralxmedia.vn\/index.php\/product\/moc-chau-2-ngay-1-dem\/\">Xem chi ti\u1ebft<\/a><\/div>\n<\/div>\n\t\t\n<style>\n#text-1114437382 {\n  text-align: left;\n}\n<\/style>\n\t<\/div>\n\t\n\t\t\t<\/div>\n\t\t<\/div>\n\t<\/div>\n\t\n\t\t<\/div>\n\t\t\t\t\t<\/div>\n\n\t\n<\/div>\n<div class=\"row\"  id=\"row-1877172211\">\n\n\t<div id=\"col-371059138\" class=\"col medium-4 small-12 large-4\"  >\n\t\t\t\t<div class=\"col-inner\"  >\n\t\t\t\n\t\t\t\n\t<div class=\"box has-hover   has-hover box-shade dark box-text-bottom\" >\n\n\t\t<div class=\"box-image\" >\n\t\t\t\t\t\t<div class=\"image-zoom\" >\n\t\t\t\t<img loading=\"lazy\" decoding=\"async\" width=\"600\" height=\"600\" src=\"https:\/\/dulich2.viralxmedia.vn\/wp-content\/uploads\/2025\/10\/1-6-600x600-1-1.png\" class=\"attachment- size-\" alt=\"\" srcset=\"https:\/\/dulich2.viralxmedia.vn\/wp-content\/uploads\/2025\/10\/1-6-600x600-1-1.png 600w, https:\/\/dulich2.viralxmedia.vn\/wp-content\/uploads\/2025\/10\/1-6-600x600-1-1-300x300.png 300w, https:\/\/dulich2.viralxmedia.vn\/wp-content\/uploads\/2025\/10\/1-6-600x600-1-1-150x150.png 150w, https:\/\/dulich2.viralxmedia.vn\/wp-content\/uploads\/2025\/10\/1-6-600x600-1-1-100x100.png 100w\" sizes=\"auto, (max-width: 600px) 100vw, 600px\" \/>\t\t\t\t\t\t\t\t<div class=\"shade\"><\/div>\t\t\t<\/div>\n\t\t\t\t\t<\/div>\n\n\t\t<div class=\"box-text text-center\" >\n\t\t\t<div class=\"box-text-inner\">\n\t\t\t\t\n\t<div id=\"text-2565239234\" class=\"text\">\n\t\t\n<div class=\"tour-card\">\n<h3>M\u1ed9c Ch\u00e2u 2 ng\u00e0y 1 \u0111\u00eam<\/h3>\n<p>\ud83d\udccd H\u00e0nh tr\u00ecnh: Cao Nguy\u00ean M\u1ed9c Ch\u00e2u<\/p>\n<p>\u23f0 Th\u1eddi gian: 2 NG\u00c0Y 1 \u0110\u00caM<\/p>\n<p>\ud83d\udcc5 Ng\u00e0y kh\u1edfi h\u00e0nh: Th\u1ee9 7 h\u00e0ng tu\u1ea7n<\/p>\n<div class=\"tour-footer\"><span style=\"color: #ff0000;\"><strong><span class=\"price\">950.000\u0111<\/span><\/strong><\/span><br \/><a class=\"btn-detail\" href=\"http:\/\/dulich2.viralxmedia.vn\/index.php\/product\/moc-chau-2-ngay-1-dem\/\">Xem chi ti\u1ebft<\/a><\/div>\n<\/div>\n\t\t\n<style>\n#text-2565239234 {\n  text-align: left;\n}\n<\/style>\n\t<\/div>\n\t\n\t\t\t<\/div>\n\t\t<\/div>\n\t<\/div>\n\t\n\t\t<\/div>\n\t\t\t\t\t<\/div>\n\n\t\n\n\t<div id=\"col-1711717214\" class=\"col medium-4 small-12 large-4\"  >\n\t\t\t\t<div class=\"col-inner\"  >\n\t\t\t\n\t\t\t\n\t<div class=\"box has-hover   has-hover box-shade dark box-text-bottom\" >\n\n\t\t<div class=\"box-image\" >\n\t\t\t\t\t\t<div class=\"image-zoom\" >\n\t\t\t\t<img loading=\"lazy\" decoding=\"async\" width=\"280\" height=\"278\" src=\"https:\/\/dulich2.viralxmedia.vn\/wp-content\/uploads\/2025\/10\/h8-2.png\" class=\"attachment- size-\" alt=\"\" srcset=\"https:\/\/dulich2.viralxmedia.vn\/wp-content\/uploads\/2025\/10\/h8-2.png 280w, https:\/\/dulich2.viralxmedia.vn\/wp-content\/uploads\/2025\/10\/h8-2-150x150.png 150w, https:\/\/dulich2.viralxmedia.vn\/wp-content\/uploads\/2025\/10\/h8-2-100x100.png 100w\" sizes=\"auto, (max-width: 280px) 100vw, 280px\" \/>\t\t\t\t\t\t\t\t<div class=\"shade\"><\/div>\t\t\t<\/div>\n\t\t\t\t\t<\/div>\n\n\t\t<div class=\"box-text text-center\" >\n\t\t\t<div class=\"box-text-inner\">\n\t\t\t\t\n\t<div id=\"text-4291631012\" class=\"text\">\n\t\t\n<div class=\"tour-card\">\n<h3>M\u1ed9c Ch\u00e2u 2 ng\u00e0y 1 \u0111\u00eam<\/h3>\n<p>\ud83d\udccd H\u00e0nh tr\u00ecnh: Cao Nguy\u00ean M\u1ed9c Ch\u00e2u<\/p>\n<p>\u23f0 Th\u1eddi gian: 2 NG\u00c0Y 1 \u0110\u00caM<\/p>\n<p>\ud83d\udcc5 Ng\u00e0y kh\u1edfi h\u00e0nh: Th\u1ee9 7 h\u00e0ng tu\u1ea7n<\/p>\n<div class=\"tour-footer\"><span style=\"color: #ff0000;\"><strong><span class=\"price\">950.000\u0111<\/span><\/strong><\/span><br \/><a class=\"btn-detail\" href=\"http:\/\/dulich2.viralxmedia.vn\/index.php\/product\/moc-chau-2-ngay-1-dem\/\">Xem chi ti\u1ebft<\/a><\/div>\n<\/div>\n\t\t\n<style>\n#text-4291631012 {\n  text-align: left;\n}\n<\/style>\n\t<\/div>\n\t\n\t\t\t<\/div>\n\t\t<\/div>\n\t<\/div>\n\t\n\t\t<\/div>\n\t\t\t\t\t<\/div>\n\n\t\n\n\t<div id=\"col-929386522\" class=\"col medium-4 small-12 large-4\"  >\n\t\t\t\t<div class=\"col-inner\"  >\n\t\t\t\n\t\t\t\n\t<div class=\"box has-hover   has-hover box-shade dark box-text-bottom\" >\n\n\t\t<div class=\"box-image\" >\n\t\t\t\t\t\t<div class=\"image-zoom\" >\n\t\t\t\t<img loading=\"lazy\" decoding=\"async\" width=\"280\" height=\"278\" src=\"https:\/\/dulich2.viralxmedia.vn\/wp-content\/uploads\/2025\/10\/h7-2.png\" class=\"attachment- size-\" alt=\"\" srcset=\"https:\/\/dulich2.viralxmedia.vn\/wp-content\/uploads\/2025\/10\/h7-2.png 280w, https:\/\/dulich2.viralxmedia.vn\/wp-content\/uploads\/2025\/10\/h7-2-150x150.png 150w, https:\/\/dulich2.viralxmedia.vn\/wp-content\/uploads\/2025\/10\/h7-2-100x100.png 100w\" sizes=\"auto, (max-width: 280px) 100vw, 280px\" \/>\t\t\t\t\t\t\t\t<div class=\"shade\"><\/div>\t\t\t<\/div>\n\t\t\t\t\t<\/div>\n\n\t\t<div class=\"box-text text-center\" >\n\t\t\t<div class=\"box-text-inner\">\n\t\t\t\t\n\t<div id=\"text-2533699513\" class=\"text\">\n\t\t\n<div class=\"tour-card\">\n<h3>M\u1ed9c Ch\u00e2u 2 ng\u00e0y 1 \u0111\u00eam<\/h3>\n<p>\ud83d\udccd H\u00e0nh tr\u00ecnh: Cao Nguy\u00ean M\u1ed9c Ch\u00e2u<\/p>\n<p>\u23f0 Th\u1eddi gian: 2 NG\u00c0Y 1 \u0110\u00caM<\/p>\n<p>\ud83d\udcc5 Ng\u00e0y kh\u1edfi h\u00e0nh: Th\u1ee9 7 h\u00e0ng tu\u1ea7n<\/p>\n<div class=\"tour-footer\"><span style=\"color: #ff0000;\"><strong><span class=\"price\">950.000\u0111<\/span><\/strong><\/span><br \/><a class=\"btn-detail\" href=\"http:\/\/dulich2.viralxmedia.vn\/index.php\/product\/moc-chau-2-ngay-1-dem\/\">Xem chi ti\u1ebft<\/a><\/div>\n<\/div>\n\t\t\n<style>\n#text-2533699513 {\n  text-align: left;\n}\n<\/style>\n\t<\/div>\n\t\n\t\t\t<\/div>\n\t\t<\/div>\n\t<\/div>\n\t\n\t\t<\/div>\n\t\t\t\t\t<\/div>\n\n\t\n<\/div>\n\t\t<\/div>\n\n\t\t\n<style>\n#section_617885333 {\n  padding-top: 30px;\n  padding-bottom: 30px;\n}\n<\/style>\n\t<\/section>\n\t\n","protected":false},"excerpt":{"rendered":"","protected":false},"author":1,"featured_media":0,"parent":0,"menu_order":0,"comment_status":"closed","ping_status":"closed","template":"page-blank.php","meta":{"footnotes":""},"class_list":["post-29","page","type-page","status-publish","hentry"],"_links":{"self":[{"href":"https:\/\/dulich2.viralxmedia.vn\/index.php\/wp-json\/wp\/v2\/pages\/29","targetHints":{"allow":["GET"]}}],"collection":[{"href":"https:\/\/dulich2.viralxmedia.vn\/index.php\/wp-json\/wp\/v2\/pages"}],"about":[{"href":"https:\/\/dulich2.viralxmedia.vn\/index.php\/wp-json\/wp\/v2\/types\/page"}],"author":[{"embeddable":true,"href":"https:\/\/dulich2.viralxmedia.vn\/index.php\/wp-json\/wp\/v2\/users\/1"}],"replies":[{"embeddable":true,"href":"https:\/\/dulich2.viralxmedia.vn\/index.php\/wp-json\/wp\/v2\/comments?post=29"}],"version-history":[{"count":3,"href":"https:\/\/dulich2.viralxmedia.vn\/index.php\/wp-json\/wp\/v2\/pages\/29\/revisions"}],"predecessor-version":[{"id":242,"href":"https:\/\/dulich2.viralxmedia.vn\/index.php\/wp-json\/wp\/v2\/pages\/29\/revisions\/242"}],"wp:attachment":[{"href":"https:\/\/dulich2.viralxmedia.vn\/index.php\/wp-json\/wp\/v2\/media?parent=29"}],"curies":[{"name":"wp","href":"https:\/\/api.w.org\/{rel}","templated":true}]}}