{"id":27,"date":"2025-10-24T02:46:42","date_gmt":"2025-10-24T02:46:42","guid":{"rendered":"http:\/\/dulich2.viralxmedia.vn\/?page_id=27"},"modified":"2025-10-25T03:32:37","modified_gmt":"2025-10-25T03:32:37","slug":"sapa","status":"publish","type":"page","link":"https:\/\/dulich2.viralxmedia.vn\/index.php\/sapa\/","title":{"rendered":"Sapa"},"content":{"rendered":"\t<section class=\"section\" id=\"section_1828900865\">\n\t\t<div class=\"bg section-bg fill bg-fill  \" >\n\n\t\t\t\n\t\t\t\n\t\t\t\n\n\t\t<\/div>\n\n\t\t\n\n\t\t<div class=\"section-content relative\">\n\t\t\t\n\t<div id=\"gap-1384176670\" class=\"gap-element clearfix\" style=\"display:block; height:auto;\">\n\t\t\n<style>\n#gap-1384176670 {\n  padding-top: 30px;\n}\n<\/style>\n\t<\/div>\n\t\n\t<div id=\"text-3015856845\" class=\"text\">\n\t\t\n<h1 style=\"text-align: center;\"><strong>SAPA<\/strong><\/h1>\n\t\t\n<style>\n#text-3015856845 {\n  font-size: 1.35rem;\n  color: rgb(255,255,255);\n}\n#text-3015856845 > * {\n  color: rgb(255,255,255);\n}\n<\/style>\n\t<\/div>\n\t\n\t<div id=\"gap-1271468061\" class=\"gap-element clearfix\" style=\"display:block; height:auto;\">\n\t\t\n<style>\n#gap-1271468061 {\n  padding-top: 30px;\n}\n<\/style>\n\t<\/div>\n\t\n\t\t<\/div>\n\n\t\t\n<style>\n#section_1828900865 {\n  padding-top: 30px;\n  padding-bottom: 30px;\n}\n#section_1828900865 .section-bg.bg-loaded {\n  background-image: url(https:\/\/dulich2.viralxmedia.vn\/wp-content\/uploads\/2025\/10\/bghd-2.jpg);\n}\n<\/style>\n\t<\/section>\n\t\n\t<section class=\"section\" id=\"section_1301097318\">\n\t\t<div class=\"bg section-bg fill bg-fill  bg-loaded\" >\n\n\t\t\t\n\t\t\t\n\t\t\t\n\n\t\t<\/div>\n\n\t\t\n\n\t\t<div class=\"section-content relative\">\n\t\t\t\n<div class=\"row\"  id=\"row-308121568\">\n\n\t<div id=\"col-348637628\" class=\"col medium-4 small-12 large-4\"  >\n\t\t\t\t<div class=\"col-inner\"  >\n\t\t\t\n\t\t\t\n\t<div class=\"box has-hover   has-hover box-shade dark box-text-bottom\" >\n\n\t\t<div class=\"box-image\" >\n\t\t\t\t\t\t<div class=\"image-zoom\" >\n\t\t\t\t<img loading=\"lazy\" decoding=\"async\" width=\"280\" height=\"278\" src=\"https:\/\/dulich2.viralxmedia.vn\/wp-content\/uploads\/2025\/10\/h10-2.png\" class=\"attachment- size-\" alt=\"\" srcset=\"https:\/\/dulich2.viralxmedia.vn\/wp-content\/uploads\/2025\/10\/h10-2.png 280w, https:\/\/dulich2.viralxmedia.vn\/wp-content\/uploads\/2025\/10\/h10-2-150x150.png 150w, https:\/\/dulich2.viralxmedia.vn\/wp-content\/uploads\/2025\/10\/h10-2-100x100.png 100w\" sizes=\"auto, (max-width: 280px) 100vw, 280px\" \/>\t\t\t\t\t\t\t\t<div class=\"shade\"><\/div>\t\t\t<\/div>\n\t\t\t\t\t<\/div>\n\n\t\t<div class=\"box-text text-center\" >\n\t\t\t<div class=\"box-text-inner\">\n\t\t\t\t\n\t<div id=\"text-3664018540\" class=\"text\">\n\t\t\n<div class=\"tour-card\">\n<h3>M\u1ed9c Ch\u00e2u 2 ng\u00e0y 1 \u0111\u00eam<\/h3>\n<p>\ud83d\udccd H\u00e0nh tr\u00ecnh: Cao Nguy\u00ean M\u1ed9c Ch\u00e2u<\/p>\n<p>\u23f0 Th\u1eddi gian: 2 NG\u00c0Y 1 \u0110\u00caM<\/p>\n<p>\ud83d\udcc5 Ng\u00e0y kh\u1edfi h\u00e0nh: Th\u1ee9 7 h\u00e0ng tu\u1ea7n<\/p>\n<div class=\"tour-footer\"><span style=\"color: #ff0000;\"><strong><span class=\"price\">950.000\u0111<\/span><\/strong><\/span><br \/><a class=\"btn-detail\" href=\"http:\/\/dulich2.viralxmedia.vn\/index.php\/product\/moc-chau-2-ngay-1-dem\/\">Xem chi ti\u1ebft<\/a><\/div>\n<\/div>\n\t\t\n<style>\n#text-3664018540 {\n  text-align: left;\n}\n<\/style>\n\t<\/div>\n\t\n\t\t\t<\/div>\n\t\t<\/div>\n\t<\/div>\n\t\n\t\t<\/div>\n\t\t\t\t\t<\/div>\n\n\t\n\n\t<div id=\"col-1690852437\" class=\"col medium-4 small-12 large-4\"  >\n\t\t\t\t<div class=\"col-inner\"  >\n\t\t\t\n\t\t\t\n\t<div class=\"box has-hover   has-hover box-shade dark box-text-bottom\" >\n\n\t\t<div class=\"box-image\" >\n\t\t\t\t\t\t<div class=\"image-zoom\" >\n\t\t\t\t<img loading=\"lazy\" decoding=\"async\" width=\"280\" height=\"278\" src=\"https:\/\/dulich2.viralxmedia.vn\/wp-content\/uploads\/2025\/10\/h12.png\" class=\"attachment- size-\" alt=\"\" srcset=\"https:\/\/dulich2.viralxmedia.vn\/wp-content\/uploads\/2025\/10\/h12.png 280w, https:\/\/dulich2.viralxmedia.vn\/wp-content\/uploads\/2025\/10\/h12-150x150.png 150w, https:\/\/dulich2.viralxmedia.vn\/wp-content\/uploads\/2025\/10\/h12-100x100.png 100w\" sizes=\"auto, (max-width: 280px) 100vw, 280px\" \/>\t\t\t\t\t\t\t\t<div class=\"shade\"><\/div>\t\t\t<\/div>\n\t\t\t\t\t<\/div>\n\n\t\t<div class=\"box-text text-center\" >\n\t\t\t<div class=\"box-text-inner\">\n\t\t\t\t\n\t<div id=\"text-4005754004\" class=\"text\">\n\t\t\n<div class=\"tour-card\">\n<h3>M\u1ed9c Ch\u00e2u 2 ng\u00e0y 1 \u0111\u00eam<\/h3>\n<p>\ud83d\udccd H\u00e0nh tr\u00ecnh: Cao Nguy\u00ean M\u1ed9c Ch\u00e2u<\/p>\n<p>\u23f0 Th\u1eddi gian: 2 NG\u00c0Y 1 \u0110\u00caM<\/p>\n<p>\ud83d\udcc5 Ng\u00e0y kh\u1edfi h\u00e0nh: Th\u1ee9 7 h\u00e0ng tu\u1ea7n<\/p>\n<div class=\"tour-footer\"><span style=\"color: #ff0000;\"><strong><span class=\"price\">950.000\u0111<\/span><\/strong><\/span><br \/><a class=\"btn-detail\" href=\"http:\/\/dulich2.viralxmedia.vn\/index.php\/product\/moc-chau-2-ngay-1-dem\/\">Xem chi ti\u1ebft<\/a><\/div>\n<\/div>\n\t\t\n<style>\n#text-4005754004 {\n  text-align: left;\n}\n<\/style>\n\t<\/div>\n\t\n\t\t\t<\/div>\n\t\t<\/div>\n\t<\/div>\n\t\n\t\t<\/div>\n\t\t\t\t\t<\/div>\n\n\t\n\n\t<div id=\"col-1437388176\" class=\"col medium-4 small-12 large-4\"  >\n\t\t\t\t<div class=\"col-inner\"  >\n\t\t\t\n\t\t\t\n\t<div class=\"box has-hover   has-hover box-shade dark box-text-bottom\" >\n\n\t\t<div class=\"box-image\" >\n\t\t\t\t\t\t<div class=\"image-zoom\" >\n\t\t\t\t<img loading=\"lazy\" decoding=\"async\" width=\"280\" height=\"278\" src=\"https:\/\/dulich2.viralxmedia.vn\/wp-content\/uploads\/2025\/10\/h8-1.png\" class=\"attachment- size-\" alt=\"\" srcset=\"https:\/\/dulich2.viralxmedia.vn\/wp-content\/uploads\/2025\/10\/h8-1.png 280w, https:\/\/dulich2.viralxmedia.vn\/wp-content\/uploads\/2025\/10\/h8-1-150x150.png 150w, https:\/\/dulich2.viralxmedia.vn\/wp-content\/uploads\/2025\/10\/h8-1-100x100.png 100w\" sizes=\"auto, (max-width: 280px) 100vw, 280px\" \/>\t\t\t\t\t\t\t\t<div class=\"shade\"><\/div>\t\t\t<\/div>\n\t\t\t\t\t<\/div>\n\n\t\t<div class=\"box-text text-center\" >\n\t\t\t<div class=\"box-text-inner\">\n\t\t\t\t\n\t<div id=\"text-205861394\" class=\"text\">\n\t\t\n<div class=\"tour-card\">\n<h3>M\u1ed9c Ch\u00e2u 2 ng\u00e0y 1 \u0111\u00eam<\/h3>\n<p>\ud83d\udccd H\u00e0nh tr\u00ecnh: Cao Nguy\u00ean M\u1ed9c Ch\u00e2u<\/p>\n<p>\u23f0 Th\u1eddi gian: 2 NG\u00c0Y 1 \u0110\u00caM<\/p>\n<p>\ud83d\udcc5 Ng\u00e0y kh\u1edfi h\u00e0nh: Th\u1ee9 7 h\u00e0ng tu\u1ea7n<\/p>\n<div class=\"tour-footer\"><span style=\"color: #ff0000;\"><strong><span class=\"price\">950.000\u0111<\/span><\/strong><\/span><br \/><a class=\"btn-detail\" href=\"http:\/\/dulich2.viralxmedia.vn\/index.php\/product\/moc-chau-2-ngay-1-dem\/\">Xem chi ti\u1ebft<\/a><\/div>\n<\/div>\n\t\t\n<style>\n#text-205861394 {\n  text-align: left;\n}\n<\/style>\n\t<\/div>\n\t\n\t\t\t<\/div>\n\t\t<\/div>\n\t<\/div>\n\t\n\t\t<\/div>\n\t\t\t\t\t<\/div>\n\n\t\n<\/div>\n<div class=\"row\"  id=\"row-1833567514\">\n\n\t<div id=\"col-792911901\" class=\"col medium-4 small-12 large-4\"  >\n\t\t\t\t<div class=\"col-inner\"  >\n\t\t\t\n\t\t\t\n\t<div class=\"box has-hover   has-hover box-shade dark box-text-bottom\" >\n\n\t\t<div class=\"box-image\" >\n\t\t\t\t\t\t<div class=\"image-zoom\" >\n\t\t\t\t<img loading=\"lazy\" decoding=\"async\" width=\"280\" height=\"278\" src=\"https:\/\/dulich2.viralxmedia.vn\/wp-content\/uploads\/2025\/10\/h1-1.png\" class=\"attachment- size-\" alt=\"\" srcset=\"https:\/\/dulich2.viralxmedia.vn\/wp-content\/uploads\/2025\/10\/h1-1.png 280w, https:\/\/dulich2.viralxmedia.vn\/wp-content\/uploads\/2025\/10\/h1-1-150x150.png 150w, https:\/\/dulich2.viralxmedia.vn\/wp-content\/uploads\/2025\/10\/h1-1-100x100.png 100w\" sizes=\"auto, (max-width: 280px) 100vw, 280px\" \/>\t\t\t\t\t\t\t\t<div class=\"shade\"><\/div>\t\t\t<\/div>\n\t\t\t\t\t<\/div>\n\n\t\t<div class=\"box-text text-center\" >\n\t\t\t<div class=\"box-text-inner\">\n\t\t\t\t\n\t<div id=\"text-1501654864\" class=\"text\">\n\t\t\n<div class=\"tour-card\">\n<h3>M\u1ed9c Ch\u00e2u 2 ng\u00e0y 1 \u0111\u00eam<\/h3>\n<p>\ud83d\udccd H\u00e0nh tr\u00ecnh: Cao Nguy\u00ean M\u1ed9c Ch\u00e2u<\/p>\n<p>\u23f0 Th\u1eddi gian: 2 NG\u00c0Y 1 \u0110\u00caM<\/p>\n<p>\ud83d\udcc5 Ng\u00e0y kh\u1edfi h\u00e0nh: Th\u1ee9 7 h\u00e0ng tu\u1ea7n<\/p>\n<div class=\"tour-footer\"><span style=\"color: #ff0000;\"><strong><span class=\"price\">950.000\u0111<\/span><\/strong><\/span><br \/><a class=\"btn-detail\" href=\"http:\/\/dulich2.viralxmedia.vn\/index.php\/product\/moc-chau-2-ngay-1-dem\/\">Xem chi ti\u1ebft<\/a><\/div>\n<\/div>\n\t\t\n<style>\n#text-1501654864 {\n  text-align: left;\n}\n<\/style>\n\t<\/div>\n\t\n\t\t\t<\/div>\n\t\t<\/div>\n\t<\/div>\n\t\n\t\t<\/div>\n\t\t\t\t\t<\/div>\n\n\t\n\n\t<div id=\"col-72951379\" class=\"col medium-4 small-12 large-4\"  >\n\t\t\t\t<div class=\"col-inner\"  >\n\t\t\t\n\t\t\t\n\t<div class=\"box has-hover   has-hover box-shade dark box-text-bottom\" >\n\n\t\t<div class=\"box-image\" >\n\t\t\t\t\t\t<div class=\"image-zoom\" >\n\t\t\t\t<img loading=\"lazy\" decoding=\"async\" width=\"280\" height=\"278\" src=\"https:\/\/dulich2.viralxmedia.vn\/wp-content\/uploads\/2025\/10\/h7.png\" class=\"attachment- size-\" alt=\"\" srcset=\"https:\/\/dulich2.viralxmedia.vn\/wp-content\/uploads\/2025\/10\/h7.png 280w, https:\/\/dulich2.viralxmedia.vn\/wp-content\/uploads\/2025\/10\/h7-150x150.png 150w, https:\/\/dulich2.viralxmedia.vn\/wp-content\/uploads\/2025\/10\/h7-100x100.png 100w\" sizes=\"auto, (max-width: 280px) 100vw, 280px\" \/>\t\t\t\t\t\t\t\t<div class=\"shade\"><\/div>\t\t\t<\/div>\n\t\t\t\t\t<\/div>\n\n\t\t<div class=\"box-text text-center\" >\n\t\t\t<div class=\"box-text-inner\">\n\t\t\t\t\n\t<div id=\"text-916687963\" class=\"text\">\n\t\t\n<div class=\"tour-card\">\n<h3>M\u1ed9c Ch\u00e2u 2 ng\u00e0y 1 \u0111\u00eam<\/h3>\n<p>\ud83d\udccd H\u00e0nh tr\u00ecnh: Cao Nguy\u00ean M\u1ed9c Ch\u00e2u<\/p>\n<p>\u23f0 Th\u1eddi gian: 2 NG\u00c0Y 1 \u0110\u00caM<\/p>\n<p>\ud83d\udcc5 Ng\u00e0y kh\u1edfi h\u00e0nh: Th\u1ee9 7 h\u00e0ng tu\u1ea7n<\/p>\n<div class=\"tour-footer\"><span style=\"color: #ff0000;\"><strong><span class=\"price\">950.000\u0111<\/span><\/strong><\/span><br \/><a class=\"btn-detail\" href=\"http:\/\/dulich2.viralxmedia.vn\/index.php\/product\/moc-chau-2-ngay-1-dem\/\">Xem chi ti\u1ebft<\/a><\/div>\n<\/div>\n\t\t\n<style>\n#text-916687963 {\n  text-align: left;\n}\n<\/style>\n\t<\/div>\n\t\n\t\t\t<\/div>\n\t\t<\/div>\n\t<\/div>\n\t\n\t\t<\/div>\n\t\t\t\t\t<\/div>\n\n\t\n\n\t<div id=\"col-1006101817\" class=\"col medium-4 small-12 large-4\"  >\n\t\t\t\t<div class=\"col-inner\"  >\n\t\t\t\n\t\t\t\n\t<div class=\"box has-hover   has-hover box-shade dark box-text-bottom\" >\n\n\t\t<div class=\"box-image\" >\n\t\t\t\t\t\t<div class=\"image-zoom\" >\n\t\t\t\t<img loading=\"lazy\" decoding=\"async\" width=\"370\" height=\"370\" src=\"https:\/\/dulich2.viralxmedia.vn\/wp-content\/uploads\/2025\/10\/coto-1.png\" class=\"attachment- size-\" alt=\"\" srcset=\"https:\/\/dulich2.viralxmedia.vn\/wp-content\/uploads\/2025\/10\/coto-1.png 370w, https:\/\/dulich2.viralxmedia.vn\/wp-content\/uploads\/2025\/10\/coto-1-300x300.png 300w, https:\/\/dulich2.viralxmedia.vn\/wp-content\/uploads\/2025\/10\/coto-1-150x150.png 150w, https:\/\/dulich2.viralxmedia.vn\/wp-content\/uploads\/2025\/10\/coto-1-100x100.png 100w\" sizes=\"auto, (max-width: 370px) 100vw, 370px\" \/>\t\t\t\t\t\t\t\t<div class=\"shade\"><\/div>\t\t\t<\/div>\n\t\t\t\t\t<\/div>\n\n\t\t<div class=\"box-text text-center\" >\n\t\t\t<div class=\"box-text-inner\">\n\t\t\t\t\n\t<div id=\"text-587387722\" class=\"text\">\n\t\t\n<div class=\"tour-card\">\n<h3>M\u1ed9c Ch\u00e2u 2 ng\u00e0y 1 \u0111\u00eam<\/h3>\n<p>\ud83d\udccd H\u00e0nh tr\u00ecnh: Cao Nguy\u00ean M\u1ed9c Ch\u00e2u<\/p>\n<p>\u23f0 Th\u1eddi gian: 2 NG\u00c0Y 1 \u0110\u00caM<\/p>\n<p>\ud83d\udcc5 Ng\u00e0y kh\u1edfi h\u00e0nh: Th\u1ee9 7 h\u00e0ng tu\u1ea7n<\/p>\n<div class=\"tour-footer\"><span style=\"color: #ff0000;\"><strong><span class=\"price\">950.000\u0111<\/span><\/strong><\/span><br \/><a class=\"btn-detail\" href=\"http:\/\/dulich2.viralxmedia.vn\/index.php\/product\/moc-chau-2-ngay-1-dem\/\">Xem chi ti\u1ebft<\/a><\/div>\n<\/div>\n\t\t\n<style>\n#text-587387722 {\n  text-align: left;\n}\n<\/style>\n\t<\/div>\n\t\n\t\t\t<\/div>\n\t\t<\/div>\n\t<\/div>\n\t\n\t\t<\/div>\n\t\t\t\t\t<\/div>\n\n\t\n<\/div>\n<div class=\"row\"  id=\"row-1359843777\">\n\n\t<div id=\"col-1004382077\" class=\"col medium-4 small-12 large-4\"  >\n\t\t\t\t<div class=\"col-inner\"  >\n\t\t\t\n\t\t\t\n\t<div class=\"box has-hover   has-hover box-shade dark box-text-bottom\" >\n\n\t\t<div class=\"box-image\" >\n\t\t\t\t\t\t<div class=\"image-zoom\" >\n\t\t\t\t<img loading=\"lazy\" decoding=\"async\" width=\"370\" height=\"370\" src=\"https:\/\/dulich2.viralxmedia.vn\/wp-content\/uploads\/2025\/10\/hagiang-1.png\" class=\"attachment- size-\" alt=\"\" srcset=\"https:\/\/dulich2.viralxmedia.vn\/wp-content\/uploads\/2025\/10\/hagiang-1.png 370w, https:\/\/dulich2.viralxmedia.vn\/wp-content\/uploads\/2025\/10\/hagiang-1-300x300.png 300w, https:\/\/dulich2.viralxmedia.vn\/wp-content\/uploads\/2025\/10\/hagiang-1-150x150.png 150w, https:\/\/dulich2.viralxmedia.vn\/wp-content\/uploads\/2025\/10\/hagiang-1-100x100.png 100w\" sizes=\"auto, (max-width: 370px) 100vw, 370px\" \/>\t\t\t\t\t\t\t\t<div class=\"shade\"><\/div>\t\t\t<\/div>\n\t\t\t\t\t<\/div>\n\n\t\t<div class=\"box-text text-center\" >\n\t\t\t<div class=\"box-text-inner\">\n\t\t\t\t\n\t<div id=\"text-3437203272\" class=\"text\">\n\t\t\n<div class=\"tour-card\">\n<h3>M\u1ed9c Ch\u00e2u 2 ng\u00e0y 1 \u0111\u00eam<\/h3>\n<p>\ud83d\udccd H\u00e0nh tr\u00ecnh: Cao Nguy\u00ean M\u1ed9c Ch\u00e2u<\/p>\n<p>\u23f0 Th\u1eddi gian: 2 NG\u00c0Y 1 \u0110\u00caM<\/p>\n<p>\ud83d\udcc5 Ng\u00e0y kh\u1edfi h\u00e0nh: Th\u1ee9 7 h\u00e0ng tu\u1ea7n<\/p>\n<div class=\"tour-footer\"><span style=\"color: #ff0000;\"><strong><span class=\"price\">950.000\u0111<\/span><\/strong><\/span><br \/><a class=\"btn-detail\" href=\"http:\/\/dulich2.viralxmedia.vn\/index.php\/product\/moc-chau-2-ngay-1-dem\/\">Xem chi ti\u1ebft<\/a><\/div>\n<\/div>\n\t\t\n<style>\n#text-3437203272 {\n  text-align: left;\n}\n<\/style>\n\t<\/div>\n\t\n\t\t\t<\/div>\n\t\t<\/div>\n\t<\/div>\n\t\n\t\t<\/div>\n\t\t\t\t\t<\/div>\n\n\t\n\n\t<div id=\"col-1329122200\" class=\"col medium-4 small-12 large-4\"  >\n\t\t\t\t<div class=\"col-inner\"  >\n\t\t\t\n\t\t\t\n\t<div class=\"box has-hover   has-hover box-shade dark box-text-bottom\" >\n\n\t\t<div class=\"box-image\" >\n\t\t\t\t\t\t<div class=\"image-zoom\" >\n\t\t\t\t<img loading=\"lazy\" decoding=\"async\" width=\"280\" height=\"278\" src=\"https:\/\/dulich2.viralxmedia.vn\/wp-content\/uploads\/2025\/10\/h3-1-1.png\" class=\"attachment- size-\" alt=\"\" srcset=\"https:\/\/dulich2.viralxmedia.vn\/wp-content\/uploads\/2025\/10\/h3-1-1.png 280w, https:\/\/dulich2.viralxmedia.vn\/wp-content\/uploads\/2025\/10\/h3-1-1-150x150.png 150w, https:\/\/dulich2.viralxmedia.vn\/wp-content\/uploads\/2025\/10\/h3-1-1-100x100.png 100w\" sizes=\"auto, (max-width: 280px) 100vw, 280px\" \/>\t\t\t\t\t\t\t\t<div class=\"shade\"><\/div>\t\t\t<\/div>\n\t\t\t\t\t<\/div>\n\n\t\t<div class=\"box-text text-center\" >\n\t\t\t<div class=\"box-text-inner\">\n\t\t\t\t\n\t<div id=\"text-4067175185\" class=\"text\">\n\t\t\n<div class=\"tour-card\">\n<h3>M\u1ed9c Ch\u00e2u 2 ng\u00e0y 1 \u0111\u00eam<\/h3>\n<p>\ud83d\udccd H\u00e0nh tr\u00ecnh: Cao Nguy\u00ean M\u1ed9c Ch\u00e2u<\/p>\n<p>\u23f0 Th\u1eddi gian: 2 NG\u00c0Y 1 \u0110\u00caM<\/p>\n<p>\ud83d\udcc5 Ng\u00e0y kh\u1edfi h\u00e0nh: Th\u1ee9 7 h\u00e0ng tu\u1ea7n<\/p>\n<div class=\"tour-footer\"><span style=\"color: #ff0000;\"><strong><span class=\"price\">950.000\u0111<\/span><\/strong><\/span><br \/><a class=\"btn-detail\" href=\"http:\/\/dulich2.viralxmedia.vn\/index.php\/product\/moc-chau-2-ngay-1-dem\/\">Xem chi ti\u1ebft<\/a><\/div>\n<\/div>\n\t\t\n<style>\n#text-4067175185 {\n  text-align: left;\n}\n<\/style>\n\t<\/div>\n\t\n\t\t\t<\/div>\n\t\t<\/div>\n\t<\/div>\n\t\n\t\t<\/div>\n\t\t\t\t\t<\/div>\n\n\t\n\n\t<div id=\"col-992989162\" class=\"col medium-4 small-12 large-4\"  >\n\t\t\t\t<div class=\"col-inner\"  >\n\t\t\t\n\t\t\t\n\t<div class=\"box has-hover   has-hover box-shade dark box-text-bottom\" >\n\n\t\t<div class=\"box-image\" >\n\t\t\t\t\t\t<div class=\"image-zoom\" >\n\t\t\t\t<img loading=\"lazy\" decoding=\"async\" width=\"280\" height=\"278\" src=\"https:\/\/dulich2.viralxmedia.vn\/wp-content\/uploads\/2025\/10\/h5-1.png\" class=\"attachment- size-\" alt=\"\" srcset=\"https:\/\/dulich2.viralxmedia.vn\/wp-content\/uploads\/2025\/10\/h5-1.png 280w, https:\/\/dulich2.viralxmedia.vn\/wp-content\/uploads\/2025\/10\/h5-1-150x150.png 150w, https:\/\/dulich2.viralxmedia.vn\/wp-content\/uploads\/2025\/10\/h5-1-100x100.png 100w\" sizes=\"auto, (max-width: 280px) 100vw, 280px\" \/>\t\t\t\t\t\t\t\t<div class=\"shade\"><\/div>\t\t\t<\/div>\n\t\t\t\t\t<\/div>\n\n\t\t<div class=\"box-text text-center\" >\n\t\t\t<div class=\"box-text-inner\">\n\t\t\t\t\n\t<div id=\"text-554835179\" class=\"text\">\n\t\t\n<div class=\"tour-card\">\n<h3>M\u1ed9c Ch\u00e2u 2 ng\u00e0y 1 \u0111\u00eam<\/h3>\n<p>\ud83d\udccd H\u00e0nh tr\u00ecnh: Cao Nguy\u00ean M\u1ed9c Ch\u00e2u<\/p>\n<p>\u23f0 Th\u1eddi gian: 2 NG\u00c0Y 1 \u0110\u00caM<\/p>\n<p>\ud83d\udcc5 Ng\u00e0y kh\u1edfi h\u00e0nh: Th\u1ee9 7 h\u00e0ng tu\u1ea7n<\/p>\n<div class=\"tour-footer\"><span style=\"color: #ff0000;\"><strong><span class=\"price\">950.000\u0111<\/span><\/strong><\/span><br \/><a class=\"btn-detail\" href=\"http:\/\/dulich2.viralxmedia.vn\/index.php\/product\/moc-chau-2-ngay-1-dem\/\">Xem chi ti\u1ebft<\/a><\/div>\n<\/div>\n\t\t\n<style>\n#text-554835179 {\n  text-align: left;\n}\n<\/style>\n\t<\/div>\n\t\n\t\t\t<\/div>\n\t\t<\/div>\n\t<\/div>\n\t\n\t\t<\/div>\n\t\t\t\t\t<\/div>\n\n\t\n<\/div>\n<div class=\"row\"  id=\"row-32581725\">\n\n\t<div id=\"col-1303998562\" class=\"col medium-4 small-12 large-4\"  >\n\t\t\t\t<div class=\"col-inner\"  >\n\t\t\t\n\t\t\t\n\t<div class=\"box has-hover   has-hover box-shade dark box-text-bottom\" >\n\n\t\t<div class=\"box-image\" >\n\t\t\t\t\t\t<div class=\"image-zoom\" >\n\t\t\t\t<img loading=\"lazy\" decoding=\"async\" width=\"280\" height=\"278\" src=\"https:\/\/dulich2.viralxmedia.vn\/wp-content\/uploads\/2025\/10\/h6-1.png\" class=\"attachment- size-\" alt=\"\" srcset=\"https:\/\/dulich2.viralxmedia.vn\/wp-content\/uploads\/2025\/10\/h6-1.png 280w, https:\/\/dulich2.viralxmedia.vn\/wp-content\/uploads\/2025\/10\/h6-1-150x150.png 150w, https:\/\/dulich2.viralxmedia.vn\/wp-content\/uploads\/2025\/10\/h6-1-100x100.png 100w\" sizes=\"auto, (max-width: 280px) 100vw, 280px\" \/>\t\t\t\t\t\t\t\t<div class=\"shade\"><\/div>\t\t\t<\/div>\n\t\t\t\t\t<\/div>\n\n\t\t<div class=\"box-text text-center\" >\n\t\t\t<div class=\"box-text-inner\">\n\t\t\t\t\n\t<div id=\"text-2630456985\" class=\"text\">\n\t\t\n<div class=\"tour-card\">\n<h3>M\u1ed9c Ch\u00e2u 2 ng\u00e0y 1 \u0111\u00eam<\/h3>\n<p>\ud83d\udccd H\u00e0nh tr\u00ecnh: Cao Nguy\u00ean M\u1ed9c Ch\u00e2u<\/p>\n<p>\u23f0 Th\u1eddi gian: 2 NG\u00c0Y 1 \u0110\u00caM<\/p>\n<p>\ud83d\udcc5 Ng\u00e0y kh\u1edfi h\u00e0nh: Th\u1ee9 7 h\u00e0ng tu\u1ea7n<\/p>\n<div class=\"tour-footer\"><span style=\"color: #ff0000;\"><strong><span class=\"price\">950.000\u0111<\/span><\/strong><\/span><br \/><a class=\"btn-detail\" href=\"http:\/\/dulich2.viralxmedia.vn\/index.php\/product\/moc-chau-2-ngay-1-dem\/\">Xem chi ti\u1ebft<\/a><\/div>\n<\/div>\n\t\t\n<style>\n#text-2630456985 {\n  text-align: left;\n}\n<\/style>\n\t<\/div>\n\t\n\t\t\t<\/div>\n\t\t<\/div>\n\t<\/div>\n\t\n\t\t<\/div>\n\t\t\t\t\t<\/div>\n\n\t\n\n\t<div id=\"col-1262424176\" class=\"col medium-4 small-12 large-4\"  >\n\t\t\t\t<div class=\"col-inner\"  >\n\t\t\t\n\t\t\t\n\t<div class=\"box has-hover   has-hover box-shade dark box-text-bottom\" >\n\n\t\t<div class=\"box-image\" >\n\t\t\t\t\t\t<div class=\"image-zoom\" >\n\t\t\t\t<img loading=\"lazy\" decoding=\"async\" width=\"280\" height=\"278\" src=\"https:\/\/dulich2.viralxmedia.vn\/wp-content\/uploads\/2025\/10\/h2-2.png\" class=\"attachment- size-\" alt=\"\" srcset=\"https:\/\/dulich2.viralxmedia.vn\/wp-content\/uploads\/2025\/10\/h2-2.png 280w, https:\/\/dulich2.viralxmedia.vn\/wp-content\/uploads\/2025\/10\/h2-2-150x150.png 150w, https:\/\/dulich2.viralxmedia.vn\/wp-content\/uploads\/2025\/10\/h2-2-100x100.png 100w\" sizes=\"auto, (max-width: 280px) 100vw, 280px\" \/>\t\t\t\t\t\t\t\t<div class=\"shade\"><\/div>\t\t\t<\/div>\n\t\t\t\t\t<\/div>\n\n\t\t<div class=\"box-text text-center\" >\n\t\t\t<div class=\"box-text-inner\">\n\t\t\t\t\n\t<div id=\"text-1683754523\" class=\"text\">\n\t\t\n<div class=\"tour-card\">\n<h3>M\u1ed9c Ch\u00e2u 2 ng\u00e0y 1 \u0111\u00eam<\/h3>\n<p>\ud83d\udccd H\u00e0nh tr\u00ecnh: Cao Nguy\u00ean M\u1ed9c Ch\u00e2u<\/p>\n<p>\u23f0 Th\u1eddi gian: 2 NG\u00c0Y 1 \u0110\u00caM<\/p>\n<p>\ud83d\udcc5 Ng\u00e0y kh\u1edfi h\u00e0nh: Th\u1ee9 7 h\u00e0ng tu\u1ea7n<\/p>\n<div class=\"tour-footer\"><span style=\"color: #ff0000;\"><strong><span class=\"price\">950.000\u0111<\/span><\/strong><\/span><br \/><a class=\"btn-detail\" href=\"http:\/\/dulich2.viralxmedia.vn\/index.php\/product\/moc-chau-2-ngay-1-dem\/\">Xem chi ti\u1ebft<\/a><\/div>\n<\/div>\n\t\t\n<style>\n#text-1683754523 {\n  text-align: left;\n}\n<\/style>\n\t<\/div>\n\t\n\t\t\t<\/div>\n\t\t<\/div>\n\t<\/div>\n\t\n\t\t<\/div>\n\t\t\t\t\t<\/div>\n\n\t\n\n\t<div id=\"col-1635844513\" class=\"col medium-4 small-12 large-4\"  >\n\t\t\t\t<div class=\"col-inner\"  >\n\t\t\t\n\t\t\t\n\t<div class=\"box has-hover   has-hover box-shade dark box-text-bottom\" >\n\n\t\t<div class=\"box-image\" >\n\t\t\t\t\t\t<div class=\"image-zoom\" >\n\t\t\t\t<img loading=\"lazy\" decoding=\"async\" width=\"280\" height=\"278\" src=\"https:\/\/dulich2.viralxmedia.vn\/wp-content\/uploads\/2025\/10\/h8-1.png\" class=\"attachment- size-\" alt=\"\" srcset=\"https:\/\/dulich2.viralxmedia.vn\/wp-content\/uploads\/2025\/10\/h8-1.png 280w, https:\/\/dulich2.viralxmedia.vn\/wp-content\/uploads\/2025\/10\/h8-1-150x150.png 150w, https:\/\/dulich2.viralxmedia.vn\/wp-content\/uploads\/2025\/10\/h8-1-100x100.png 100w\" sizes=\"auto, (max-width: 280px) 100vw, 280px\" \/>\t\t\t\t\t\t\t\t<div class=\"shade\"><\/div>\t\t\t<\/div>\n\t\t\t\t\t<\/div>\n\n\t\t<div class=\"box-text text-center\" >\n\t\t\t<div class=\"box-text-inner\">\n\t\t\t\t\n\t<div id=\"text-2273889375\" class=\"text\">\n\t\t\n<div class=\"tour-card\">\n<h3>M\u1ed9c Ch\u00e2u 2 ng\u00e0y 1 \u0111\u00eam<\/h3>\n<p>\ud83d\udccd H\u00e0nh tr\u00ecnh: Cao Nguy\u00ean M\u1ed9c Ch\u00e2u<\/p>\n<p>\u23f0 Th\u1eddi gian: 2 NG\u00c0Y 1 \u0110\u00caM<\/p>\n<p>\ud83d\udcc5 Ng\u00e0y kh\u1edfi h\u00e0nh: Th\u1ee9 7 h\u00e0ng tu\u1ea7n<\/p>\n<div class=\"tour-footer\"><span style=\"color: #ff0000;\"><strong><span class=\"price\">950.000\u0111<\/span><\/strong><\/span><br \/><a class=\"btn-detail\" href=\"http:\/\/dulich2.viralxmedia.vn\/index.php\/product\/moc-chau-2-ngay-1-dem\/\">Xem chi ti\u1ebft<\/a><\/div>\n<\/div>\n\t\t\n<style>\n#text-2273889375 {\n  text-align: left;\n}\n<\/style>\n\t<\/div>\n\t\n\t\t\t<\/div>\n\t\t<\/div>\n\t<\/div>\n\t\n\t\t<\/div>\n\t\t\t\t\t<\/div>\n\n\t\n<\/div>\n\t\t<\/div>\n\n\t\t\n<style>\n#section_1301097318 {\n  padding-top: 30px;\n  padding-bottom: 30px;\n}\n<\/style>\n\t<\/section>\n\t\n","protected":false},"excerpt":{"rendered":"","protected":false},"author":1,"featured_media":0,"parent":0,"menu_order":0,"comment_status":"closed","ping_status":"closed","template":"page-blank.php","meta":{"footnotes":""},"class_list":["post-27","page","type-page","status-publish","hentry"],"_links":{"self":[{"href":"https:\/\/dulich2.viralxmedia.vn\/index.php\/wp-json\/wp\/v2\/pages\/27","targetHints":{"allow":["GET"]}}],"collection":[{"href":"https:\/\/dulich2.viralxmedia.vn\/index.php\/wp-json\/wp\/v2\/pages"}],"about":[{"href":"https:\/\/dulich2.viralxmedia.vn\/index.php\/wp-json\/wp\/v2\/types\/page"}],"author":[{"embeddable":true,"href":"https:\/\/dulich2.viralxmedia.vn\/index.php\/wp-json\/wp\/v2\/users\/1"}],"replies":[{"embeddable":true,"href":"https:\/\/dulich2.viralxmedia.vn\/index.php\/wp-json\/wp\/v2\/comments?post=27"}],"version-history":[{"count":4,"href":"https:\/\/dulich2.viralxmedia.vn\/index.php\/wp-json\/wp\/v2\/pages\/27\/revisions"}],"predecessor-version":[{"id":240,"href":"https:\/\/dulich2.viralxmedia.vn\/index.php\/wp-json\/wp\/v2\/pages\/27\/revisions\/240"}],"wp:attachment":[{"href":"https:\/\/dulich2.viralxmedia.vn\/index.php\/wp-json\/wp\/v2\/media?parent=27"}],"curies":[{"name":"wp","href":"https:\/\/api.w.org\/{rel}","templated":true}]}}